{"id":2990,"date":"2023-04-15T11:04:01","date_gmt":"2023-04-15T11:04:01","guid":{"rendered":"https:\/\/vitaminsealtd-com.stackstaging.com\/?page_id=2990"},"modified":"2023-04-15T11:10:50","modified_gmt":"2023-04-15T11:10:50","slug":"terms-conditions","status":"publish","type":"page","link":"https:\/\/stage022024.vitaminsealtd.com\/de\/bedingungen-bedingungen\/","title":{"rendered":"Bedingungen und Konditionen"},"content":{"rendered":"<div data-elementor-type=\"wp-page\" data-elementor-id=\"2990\" class=\"elementor elementor-2990\" data-elementor-post-type=\"page\">\n\t\t\t\t\t\t\t\t\t<section class=\"elementor-section elementor-top-section elementor-element elementor-element-7c94fc73 elementor-section-boxed elementor-section-height-default elementor-section-height-default\" data-id=\"7c94fc73\" data-element_type=\"section\">\n\t\t\t\t\t\t<div class=\"elementor-container elementor-column-gap-default\">\n\t\t\t\t\t<div class=\"elementor-column elementor-col-100 elementor-top-column elementor-element elementor-element-1043e741\" data-id=\"1043e741\" data-element_type=\"column\">\n\t\t\t<div class=\"elementor-widget-wrap elementor-element-populated\">\n\t\t\t\t\t\t\t\t<div class=\"elementor-element elementor-element-9cb6104 elementor-widget elementor-widget-heading\" data-id=\"9cb6104\" data-element_type=\"widget\" data-widget_type=\"heading.default\">\n\t\t\t\t<div class=\"elementor-widget-container\">\n\t\t\t<style>\/*! elementor - v3.17.0 - 08-11-2023 *\/\n.elementor-heading-title{padding:0;margin:0;line-height:1}.elementor-widget-heading .elementor-heading-title[class*=elementor-size-]>a{color:inherit;font-size:inherit;line-height:inherit}.elementor-widget-heading .elementor-heading-title.elementor-size-small{font-size:15px}.elementor-widget-heading .elementor-heading-title.elementor-size-medium{font-size:19px}.elementor-widget-heading .elementor-heading-title.elementor-size-large{font-size:29px}.elementor-widget-heading .elementor-heading-title.elementor-size-xl{font-size:39px}.elementor-widget-heading .elementor-heading-title.elementor-size-xxl{font-size:59px}<\/style><h1 class=\"elementor-heading-title elementor-size-default\">Bedingungen und Konditionen<\/h1>\t\t<\/div>\n\t\t\t\t<\/div>\n\t\t\t\t<div class=\"elementor-element elementor-element-2be1f5ec elementor-widget elementor-widget-text-editor\" data-id=\"2be1f5ec\" data-element_type=\"widget\" data-widget_type=\"text-editor.default\">\n\t\t\t\t<div class=\"elementor-widget-container\">\n\t\t\t<style>\/*! elementor - v3.17.0 - 08-11-2023 *\/\n.elementor-widget-text-editor.elementor-drop-cap-view-stacked .elementor-drop-cap{background-color:#69727d;color:#fff}.elementor-widget-text-editor.elementor-drop-cap-view-framed .elementor-drop-cap{color:#69727d;border:3px solid;background-color:transparent}.elementor-widget-text-editor:not(.elementor-drop-cap-view-default) .elementor-drop-cap{margin-top:8px}.elementor-widget-text-editor:not(.elementor-drop-cap-view-default) .elementor-drop-cap-letter{width:1em;height:1em}.elementor-widget-text-editor .elementor-drop-cap{float:left;text-align:center;line-height:1;font-size:50px}.elementor-widget-text-editor .elementor-drop-cap-letter{display:inline-block}<\/style>\t\t\t\t<!-- wp:paragraph -->\n<p>Vielen Dank, dass Sie die Website von Vitamin Sea Ltd. besuchen und unsere Dienstleistungen in Betracht ziehen. Im Text der Allgemeinen Gesch\u00e4ftsbedingungen bezieht sich der Begriff \"Dienstleistungen\" auf die Produkte, Tools und Funktionen, die von Vitamin Sea Ltd und ihren Tochtergesellschaften \u00fcber ihre Website oder andere Mittel angeboten werden. Im Zusammenhang mit Bootsausfl\u00fcgen bezieht sich der Begriff \"Dienstleistungen\" auf die Bootstouren und alle damit verbundenen Dienstleistungen, die von Vitamin Sea Ltd und seinen Tochtergesellschaften oder ausgelagerten Lieferanten \u00fcber ihre Website oder auf anderem Wege angeboten werden. Dazu geh\u00f6ren unter anderem die Buchung, Bezahlung und Bereitstellung von Bootsausfl\u00fcgen sowie alle damit verbundenen Informationen und die Unterst\u00fctzung durch das Unternehmen.<\/p>\n<p>\u00a0<\/p>\n<!-- \/wp:paragraph --><!-- wp:paragraph -->\n<p>\"Das Unternehmen\" bezieht sich auf Vitamin Sea Ltd und seine Tochtergesellschaften, einschlie\u00dflich aller verbundenen Unternehmen, Angestellten, leitenden Angestellten, Direktoren und Vertreter, die an der Bereitstellung von Bootsausfl\u00fcgen und damit verbundenen Dienstleistungen beteiligt sind.<\/p>\n<p>\u00a0<\/p>\n<!-- \/wp:paragraph --><!-- wp:paragraph -->\n<p>Durch den Zugriff auf unsere Website und die Nutzung unserer Dienste erkl\u00e4ren Sie sich mit den folgenden Bedingungen und Konditionen einverstanden:\u00a0<\/p>\n<p>\u00a0<\/p>\n<!-- \/wp:paragraph --><!-- wp:list {\"ordered\":true} -->\n<ol><!-- wp:list-item -->\n<li>Akzeptanz der Bedingungen: Durch den Zugriff auf unsere Website und die Nutzung unserer Dienste erkl\u00e4ren Sie sich mit diesen Allgemeinen Gesch\u00e4ftsbedingungen sowie mit allen anderen Politiken oder Richtlinien einverstanden, die wir auf unserer Website ver\u00f6ffentlicht haben.<\/li>\n<!-- \/wp:list-item --><!-- wp:list-item -->\n<li>Geistiges Eigentum: Der gesamte Inhalt unserer Website, einschlie\u00dflich, aber nicht beschr\u00e4nkt auf Texte, Grafiken, Logos, Bilder und Software, ist das Eigentum von Vitamin Sea Ltd. oder seinen Inhaltslieferanten und ist durch internationale Urheberrechtsgesetze gesch\u00fctzt.<\/li>\n<!-- \/wp:list-item --><!-- wp:list-item -->\n<li>Nutzung der Website: Sie erkl\u00e4ren sich damit einverstanden, unsere Website und Dienste nur f\u00fcr rechtm\u00e4\u00dfige Zwecke und in \u00dcbereinstimmung mit allen geltenden Gesetzen und Vorschriften zu nutzen. Sie erkl\u00e4ren sich au\u00dferdem damit einverstanden, unsere Website oder Dienste nicht in einer Weise zu nutzen, die unsere Server besch\u00e4digen, deaktivieren, \u00fcberlasten oder beeintr\u00e4chtigen oder die Nutzung unserer Website oder Dienste durch andere Parteien st\u00f6ren k\u00f6nnte.<\/li>\n<!-- \/wp:list-item --><!-- wp:list-item -->\n<li>Benutzerinhalte: Alle Inhalte, die Sie auf unserer Website oder unseren Diensten ver\u00f6ffentlichen oder hochladen, einschlie\u00dflich, aber nicht beschr\u00e4nkt auf Kommentare, Bewertungen oder Zeugnisse, werden als nicht vertraulich und nicht urheberrechtlich gesch\u00fctzt betrachtet. Sie gew\u00e4hren Vitamin Sea Ltd. eine nicht-exklusive, unbefristete, unwiderrufliche, geb\u00fchrenfreie, weltweite Lizenz zur Nutzung, \u00c4nderung, Vervielf\u00e4ltigung und Verbreitung solcher Inhalte.<\/li>\n<!-- \/wp:list-item --><!-- wp:list-item -->\n<li>Benutzerverhalten: Sie verpflichten sich, kein Verhalten an den Tag zu legen, das andere Nutzer unserer Website oder unserer Dienste st\u00f6rt, sch\u00e4digt oder beleidigt. Dazu geh\u00f6ren unter anderem Bel\u00e4stigung, Spamming oder die Verbreitung von Viren oder anderem b\u00f6sartigen Code.<\/li>\n<!-- \/wp:list-item --><!-- wp:list-item -->\n<li>Datenschutzrichtlinien: Unsere Datenschutzrichtlinie regelt die Erfassung, Verwendung und Weitergabe Ihrer pers\u00f6nlichen Daten. Durch die Nutzung unserer Website und Dienstleistungen stimmen Sie der Erfassung, Verwendung und Weitergabe Ihrer pers\u00f6nlichen Daten gem\u00e4\u00df unserer Datenschutzrichtlinie zu.<\/li>\n<!-- \/wp:list-item --><!-- wp:list-item -->\n<li>Beendigung: Wir k\u00f6nnen Ihren Zugang zu unserer Website oder unseren Diensten jederzeit, mit oder ohne Grund, ohne vorherige Ank\u00fcndigung oder Haftung k\u00fcndigen.<\/li>\n<!-- \/wp:list-item --><!-- wp:list-item -->\n<li>Haftungsausschl\u00fcsse: Unsere Website und unsere Dienstleistungen werden auf einer \"wie besehen\" und \"wie verf\u00fcgbar\" Basis zur Verf\u00fcgung gestellt, ohne jegliche Garantien oder Zusicherungen jeglicher Art, weder ausdr\u00fccklich noch implizit. Vitamin Sea Ltd. garantiert nicht, dass unsere Website oder Dienstleistungen fehlerfrei, ununterbrochen oder frei von Viren oder anderen sch\u00e4dlichen Komponenten sind.<\/li>\n<!-- \/wp:list-item --><!-- wp:list-item -->\n<li>Vitamin Sea Ltd und die zugeh\u00f6rigen Logos und Slogans sind eingetragene Marken des Unternehmens. Alle anderen Marken, Dienstleistungsmarken, Handelsnamen und Logos, die auf unserer Website oder in Verbindung mit unseren Diensten verwendet werden, sind Eigentum der jeweiligen Inhaber. Sie d\u00fcrfen keine dieser Marken oder Logos ohne die vorherige schriftliche Genehmigung des Eigent\u00fcmers verwenden. Jede unbefugte Verwendung unserer Marken oder Logos kann rechtliche Schritte nach sich ziehen, einschlie\u00dflich, aber nicht beschr\u00e4nkt auf Schadensersatz und Unterlassungsanspr\u00fcche.<\/li>\n<!-- \/wp:list-item --><!-- wp:list-item -->\n<li>Begrenzung der Haftung: In keinem Fall ist Vitamin Sea Ltd, einschlie\u00dflich ihrer Tochtergesellschaften, ihrer leitenden Angestellten, Tochtergesellschaften, verbundenen Unternehmen, Nachfolger, Bevollm\u00e4chtigten, Direktoren, Agenten, Dienstleister, Lieferanten und Angestellten verantwortlich f\u00fcr Verletzungen, Verluste, Sch\u00e4den, Unf\u00e4lle, Verz\u00f6gerungen oder Unregelm\u00e4\u00dfigkeiten, die w\u00e4hrend der Bootstour, der Nutzung des Einschiffungspontons oder der Schwimmaktivit\u00e4ten auftreten k\u00f6nnen. Alle Passagiere sind verpflichtet, bei Bedarf Schwimmwesten zu tragen und die von der Besatzung aufgestellten Sicherheitsregeln und -richtlinien zu befolgen. F\u00fcr Sch\u00e4den oder Verluste am Boot oder an der Ausr\u00fcstung, die von Passagieren verursacht werden, ist die Person oder Gruppe verantwortlich, die den Schaden verursacht hat. Vitamin Sea Ltd. und seine Tochtergesellschaften behalten sich das Recht vor, Einzelpersonen oder Gruppen, die sich nicht an die Sicherheitsregeln und -richtlinien halten oder deren Verhalten als unangemessen oder st\u00f6rend f\u00fcr den Genuss der Tour durch andere angesehen wird, den Dienst zu verweigern. Indem Sie eine Bootstour buchen oder den Einschiffungsponton oder die Schwimmaktivit\u00e4ten nutzen, erkl\u00e4ren Sie sich damit einverstanden, alle Risiken zu \u00fcbernehmen und Vitamin Sea Ltd. einschlie\u00dflich seiner Tochtergesellschaften, seiner leitenden Angestellten, Tochtergesellschaften, verbundenen Unternehmen, Nachfolger, Beauftragten, Direktoren, Agenten, Dienstleister, Lieferanten und Angestellten von jeglicher Haftung f\u00fcr Verletzungen, Verluste oder Sch\u00e4den, die auftreten k\u00f6nnen, zu befreien.<\/li>\n<!-- \/wp:list-item --><!-- wp:list-item -->\n<li>Unsere Online-Plattform erhebt eine Servicegeb\u00fchr von 8%, die auf den Exkursionstarif zu zahlen ist und direkt an die Plattform des Dienstleisters weitergeleitet wird. Mit der Nutzung unserer Online-Buchungsplattform erkl\u00e4ren Sie sich damit einverstanden, diese Servicegeb\u00fchr zus\u00e4tzlich zum Ausflugstarif zu zahlen.<\/li>\n<!-- \/wp:list-item --><!-- wp:list-item -->\n<li>Geltendes Recht: Diese Allgemeinen Gesch\u00e4ftsbedingungen unterliegen den Gesetzen des Landes, in dem wir unseren Hauptsitz haben, und sind entsprechend auszulegen, ohne dass die Grunds\u00e4tze des Kollisionsrechts zur Anwendung kommen.<\/li>\n<!-- \/wp:list-item --><!-- wp:list-item -->\n<li>\u00c4nderungen der Allgemeinen Gesch\u00e4ftsbedingungen: Wir behalten uns das Recht vor, diese Allgemeinen Gesch\u00e4ftsbedingungen jederzeit und ohne vorherige Ank\u00fcndigung zu \u00e4ndern. Ihre fortgesetzte Nutzung unserer Website oder Dienstleistungen nach einer solchen \u00c4nderung bedeutet, dass Sie die ge\u00e4nderten Bedingungen und Konditionen akzeptieren.<\/li>\n<!-- \/wp:list-item --><\/ol>\n<!-- \/wp:list --><!-- wp:paragraph -->\n<p>\u00a0<\/p>\n<p>Wenn Sie Fragen oder Bedenken bez\u00fcglich dieser Gesch\u00e4ftsbedingungen haben, kontaktieren Sie uns bitte unter hello@vitaminsealtd.com.<\/p>\n<!-- \/wp:paragraph -->\t\t\t\t\t\t<\/div>\n\t\t\t\t<\/div>\n\t\t\t\t<div class=\"elementor-element elementor-element-37cc825 elementor-widget elementor-widget-spacer\" data-id=\"37cc825\" data-element_type=\"widget\" data-widget_type=\"spacer.default\">\n\t\t\t\t<div class=\"elementor-widget-container\">\n\t\t\t<style>\/*! elementor - v3.17.0 - 08-11-2023 *\/\n.elementor-column .elementor-spacer-inner{height:var(--spacer-size)}.e-con{--container-widget-width:100%}.e-con-inner>.elementor-widget-spacer,.e-con>.elementor-widget-spacer{width:var(--container-widget-width,var(--spacer-size));--align-self:var(--container-widget-align-self,initial);--flex-shrink:0}.e-con-inner>.elementor-widget-spacer>.elementor-widget-container,.e-con>.elementor-widget-spacer>.elementor-widget-container{height:100%;width:100%}.e-con-inner>.elementor-widget-spacer>.elementor-widget-container>.elementor-spacer,.e-con>.elementor-widget-spacer>.elementor-widget-container>.elementor-spacer{height:100%}.e-con-inner>.elementor-widget-spacer>.elementor-widget-container>.elementor-spacer>.elementor-spacer-inner,.e-con>.elementor-widget-spacer>.elementor-widget-container>.elementor-spacer>.elementor-spacer-inner{height:var(--container-widget-height,var(--spacer-size))}.e-con-inner>.elementor-widget-spacer.elementor-widget-empty,.e-con>.elementor-widget-spacer.elementor-widget-empty{position:relative;min-height:22px;min-width:22px}.e-con-inner>.elementor-widget-spacer.elementor-widget-empty .elementor-widget-empty-icon,.e-con>.elementor-widget-spacer.elementor-widget-empty .elementor-widget-empty-icon{position:absolute;top:0;bottom:0;left:0;right:0;margin:auto;padding:0;width:22px;height:22px}<\/style>\t\t<div class=\"elementor-spacer\">\n\t\t\t<div class=\"elementor-spacer-inner\"><\/div>\n\t\t<\/div>\n\t\t\t\t<\/div>\n\t\t\t\t<\/div>\n\t\t\t\t\t<\/div>\n\t\t<\/div>\n\t\t\t\t\t\t\t<\/div>\n\t\t<\/section>\n\t\t\t\t\t\t\t<\/div>","protected":false},"excerpt":{"rendered":"<p>Thank you for visiting Vitamin Sea Ltd&#8217;s website and considering our services. In the terms and conditions text, &#8220;Services&#8221; refers to the products, tools, and features offered by Vitamin Sea Ltd and its subsidiaries through their website or other means. In the context of boat excursions, &#8220;Services&#8221; refer to the boat tours and any related&hellip; <a class=\"more-link\" href=\"https:\/\/stage022024.vitaminsealtd.com\/de\/bedingungen-bedingungen\/\"><span class=\"screen-reader-text\">Bedingungen und Konditionen<\/span> weiterlesen<\/a><\/p>","protected":false},"author":1,"featured_media":0,"parent":0,"menu_order":0,"comment_status":"closed","ping_status":"closed","template":"elementor_header_footer","meta":{"footnotes":""},"acf":[],"_links":{"self":[{"href":"https:\/\/stage022024.vitaminsealtd.com\/de\/wp-json\/wp\/v2\/pages\/2990"}],"collection":[{"href":"https:\/\/stage022024.vitaminsealtd.com\/de\/wp-json\/wp\/v2\/pages"}],"about":[{"href":"https:\/\/stage022024.vitaminsealtd.com\/de\/wp-json\/wp\/v2\/types\/page"}],"author":[{"embeddable":true,"href":"https:\/\/stage022024.vitaminsealtd.com\/de\/wp-json\/wp\/v2\/users\/1"}],"replies":[{"embeddable":true,"href":"https:\/\/stage022024.vitaminsealtd.com\/de\/wp-json\/wp\/v2\/comments?post=2990"}],"version-history":[{"count":0,"href":"https:\/\/stage022024.vitaminsealtd.com\/de\/wp-json\/wp\/v2\/pages\/2990\/revisions"}],"wp:attachment":[{"href":"https:\/\/stage022024.vitaminsealtd.com\/de\/wp-json\/wp\/v2\/media?parent=2990"}],"curies":[{"name":"wp","href":"https:\/\/api.w.org\/{rel}","templated":true}]}}