{"id":3008,"date":"2023-04-15T11:14:58","date_gmt":"2023-04-15T11:14:58","guid":{"rendered":"https:\/\/vitaminsealtd-com.stackstaging.com\/?page_id=3008"},"modified":"2023-04-15T11:25:34","modified_gmt":"2023-04-15T11:25:34","slug":"cancellation-policy","status":"publish","type":"page","link":"https:\/\/stage022024.vitaminsealtd.com\/de\/widerrufsbelehrung\/","title":{"rendered":"Stornierungspolitik"},"content":{"rendered":"<p>Die Stornierung muss 5 Tage vor dem Ausflugsdatum erfolgen, um eine vollst\u00e4ndige R\u00fcckerstattung des gezahlten Betrags f\u00fcr den Ausflug zu erhalten. Nach diesem Datum wird der Betrag teilweise zur\u00fcckerstattet. Ab zwei Tagen vor dem Ausflug wird keine Erstattung mehr akzeptiert.<\/p>\n\n\n\n<div style=\"height:2vh\" aria-hidden=\"true\" class=\"wp-block-spacer\"><\/div>\n\n\n\n<p>Siehe unten:<\/p>\n\n\n\n<p>Wir berechnen eine Stornogeb\u00fchr von 100%, wenn die Buchung 2 Tage oder weniger vor der Veranstaltung storniert wird.<\/p>\n\n\n\n<p>Wir berechnen eine Stornogeb\u00fchr von 30%, wenn die Buchung 5 Tage oder weniger vor der Veranstaltung storniert wird.<\/p>\n\n\n\n<div style=\"height:2vh\" aria-hidden=\"true\" class=\"wp-block-spacer\"><\/div>\n\n\n\n<p>Wenn das Wetter schlecht ist und der Ausflug aus meteorologischen Gr\u00fcnden nicht durchgef\u00fchrt werden kann, schl\u00e4gt der Veranstalter einen sp\u00e4teren Termin vor und verschiebt den Ausflug, sobald die Wetterbedingungen g\u00fcnstig sind. Dies geschieht, um die Sicherheit unserer Kunden zu gew\u00e4hrleisten und jegliche Risiken f\u00fcr ihre Sicherheit zu vermeiden.<\/p>\n\n\n\n<div style=\"height:2vh\" aria-hidden=\"true\" class=\"wp-block-spacer\"><\/div>\n\n\n\n<p>Bei schlechtem Wetter schl\u00e4gt der Veranstalter ein sp\u00e4teres Datum f\u00fcr den Ausflug vor und verschiebt die Fahrt, sobald die Wetterbedingungen es zulassen.<\/p>\n\n\n\n<div style=\"height:2vh\" aria-hidden=\"true\" class=\"wp-block-spacer\"><\/div>\n\n\n\n<p>Wenn es keine M\u00f6glichkeit der R\u00fcckerstattung gibt (im Falle eines bevorstehenden Fluges oder keiner Verf\u00fcgbarkeit beim Veranstalter nach dem schlechten Wetter), wird dem Kunden der f\u00fcr den Ausflug bezahlte Betrag zur\u00fcckerstattet.<\/p>\n\n\n\n<div style=\"height:2vh\" aria-hidden=\"true\" class=\"wp-block-spacer\"><\/div>\n\n\n\n<p>Bitte beachten Sie, dass die Servicegeb\u00fchr von 8% auf den an die Buchungsplattform gezahlten Betrag in keinem Fall erstattet werden kann.<\/p>","protected":false},"excerpt":{"rendered":"<p>The cancellation must be made 5 days prior to the excursion date to be eligible for a full refund of the amount paid for the outing. After this date, the amount will be partially refunded. No refund will be accepted from two days prior to the trip. See below: We will charge a cancellation fee&hellip; <a class=\"more-link\" href=\"https:\/\/stage022024.vitaminsealtd.com\/de\/widerrufsbelehrung\/\"><span class=\"screen-reader-text\">Stornierungspolitik<\/span> weiterlesen<\/a><\/p>","protected":false},"author":1,"featured_media":0,"parent":0,"menu_order":0,"comment_status":"closed","ping_status":"closed","template":"","meta":{"footnotes":""},"acf":[],"_links":{"self":[{"href":"https:\/\/stage022024.vitaminsealtd.com\/de\/wp-json\/wp\/v2\/pages\/3008"}],"collection":[{"href":"https:\/\/stage022024.vitaminsealtd.com\/de\/wp-json\/wp\/v2\/pages"}],"about":[{"href":"https:\/\/stage022024.vitaminsealtd.com\/de\/wp-json\/wp\/v2\/types\/page"}],"author":[{"embeddable":true,"href":"https:\/\/stage022024.vitaminsealtd.com\/de\/wp-json\/wp\/v2\/users\/1"}],"replies":[{"embeddable":true,"href":"https:\/\/stage022024.vitaminsealtd.com\/de\/wp-json\/wp\/v2\/comments?post=3008"}],"version-history":[{"count":0,"href":"https:\/\/stage022024.vitaminsealtd.com\/de\/wp-json\/wp\/v2\/pages\/3008\/revisions"}],"wp:attachment":[{"href":"https:\/\/stage022024.vitaminsealtd.com\/de\/wp-json\/wp\/v2\/media?parent=3008"}],"curies":[{"name":"wp","href":"https:\/\/api.w.org\/{rel}","templated":true}]}}