{"id":1073,"date":"2021-12-12T03:10:52","date_gmt":"2021-12-12T03:10:52","guid":{"rendered":"https:\/\/vitaminsealtd-com.stackstaging.com\/?post_type=product&#038;p=1073"},"modified":"2023-11-27T15:44:33","modified_gmt":"2023-11-27T15:44:33","slug":"water-sports-activities","status":"publish","type":"product","link":"https:\/\/stage022024.vitaminsealtd.com\/de\/produkt\/wassersport-aktivitaten\/","title":{"rendered":"Wassersport Aktivit\u00e4ten"},"content":{"rendered":"<p>Machen Sie sich bereit, das Adrenalin zu sp\u00fcren, wenn Sie auf den Wellen reiten und die Brise in unseren aufregenden Wassersportabenteuern sp\u00fcren!<\/p>\n<p>Wir bieten Ihnen ma\u00dfgeschneiderte Wassersportaktivit\u00e4ten wie Wasserski, Tubing, Wakeboarding und vieles mehr, und unser Team begleitet Sie zu jeder Tageszeit zu einer aufregenden Session in der Lagune von Le Morne.<\/p>\n<p>Unser erfahrener Guide wird Ihnen wertvolle Tipps geben und Ihnen helfen, wie ein Profi zu fahren!<\/p>\n<p><strong>Die maximale Kapazit\u00e4t pro Boot betr\u00e4gt 4 Personen.<\/strong> Sie k\u00f6nnen das Boot reservieren (der Preis bleibt f\u00fcr bis zu 4 Personen gleich) und zus\u00e4tzliche Personen f\u00fcr jedes Boot angeben.<\/p>","protected":false},"excerpt":{"rendered":"<p>Wasserski, Tubing, Wakeboarding... Lasst uns Spa\u00df haben!<\/p>","protected":false},"featured_media":1074,"template":"","meta":[],"product_cat":[17,16,39],"product_tag":[],"acf":[],"_links":{"self":[{"href":"https:\/\/stage022024.vitaminsealtd.com\/de\/wp-json\/wp\/v2\/product\/1073"}],"collection":[{"href":"https:\/\/stage022024.vitaminsealtd.com\/de\/wp-json\/wp\/v2\/product"}],"about":[{"href":"https:\/\/stage022024.vitaminsealtd.com\/de\/wp-json\/wp\/v2\/types\/product"}],"version-history":[{"count":0,"href":"https:\/\/stage022024.vitaminsealtd.com\/de\/wp-json\/wp\/v2\/product\/1073\/revisions"}],"wp:featuredmedia":[{"embeddable":true,"href":"https:\/\/stage022024.vitaminsealtd.com\/de\/wp-json\/wp\/v2\/media\/1074"}],"wp:attachment":[{"href":"https:\/\/stage022024.vitaminsealtd.com\/de\/wp-json\/wp\/v2\/media?parent=1073"}],"wp:term":[{"taxonomy":"product_cat","embeddable":true,"href":"https:\/\/stage022024.vitaminsealtd.com\/de\/wp-json\/wp\/v2\/product_cat?post=1073"},{"taxonomy":"product_tag","embeddable":true,"href":"https:\/\/stage022024.vitaminsealtd.com\/de\/wp-json\/wp\/v2\/product_tag?post=1073"}],"curies":[{"name":"wp","href":"https:\/\/api.w.org\/{rel}","templated":true}]}}