{"id":1932,"date":"2023-03-09T13:40:08","date_gmt":"2023-03-09T13:40:08","guid":{"rendered":"https:\/\/vitaminsealtd-com.stackstaging.com\/?post_type=product&#038;p=1932"},"modified":"2023-11-22T16:56:50","modified_gmt":"2023-11-22T16:56:50","slug":"coin-de-mire-half-day-cruise","status":"publish","type":"product","link":"https:\/\/stage022024.vitaminsealtd.com\/de\/produkt\/coin-de-mire-half-day-cruise\/","title":{"rendered":"Coin De Mire Halbtages-Kreuzfahrt"},"content":{"rendered":"<p>Coin de Mire ist nur eine Bootsfahrt entfernt.<\/p>\n<p>Begeben Sie sich auf ein unvergessliches Abenteuer in einem gesch\u00fctzten Meeresgebiet, wo Sie w\u00e4hrend Ihrer halbt\u00e4gigen privaten Bootsfahrt eine atemberaubende Unterwasserlandschaft und eine Vielzahl von Arten erleben werden.<\/p>\n<p>Von farbenfrohen Fischen und Korallen in kristallklarem Wasser bis hin zu den majest\u00e4tischen \"Pailles en Queue\", unseren einheimischen V\u00f6geln, gibt es in Coin De Mire jede Menge zu sehen. Neben der atemberaubenden Landschaft und der Tierwelt bietet diese Bootstour auch die M\u00f6glichkeit, sich in einer ruhigen Umgebung zu entspannen und zu erholen.<\/p>\n<div class=\"flex-1 overflow-hidden\">\n<div class=\"react-scroll-to-bottom--css-jezuc-79elbk h-full dark:bg-gray-800\">\n<div class=\"react-scroll-to-bottom--css-jezuc-1n7m0yu\">\n<div class=\"flex flex-col items-center text-sm dark:bg-gray-800\">\n<div class=\"w-full border-b border-black\/10 dark:border-gray-900\/50 text-gray-800 dark:text-gray-100 group bg-gray-50 dark:bg-[#444654]\">\n<div class=\"text-base gap-4 md:gap-6 m-auto md:max-w-2xl lg:max-w-2xl xl:max-w-3xl p-4 md:py-6 flex lg:px-0\">\n<div class=\"relative flex w-[calc(100%-50px)] flex-col gap-1 md:gap-3 lg:w-[calc(100%-115px)]\">\n<div class=\"flex justify-between\">\n<div><\/div>\n<div class=\"text-gray-400 flex self-end lg:self-center justify-center mt-2 gap-3 md:gap-4 lg:gap-1 lg:absolute lg:top-0 lg:translate-x-full lg:right-0 lg:mt-0 lg:pl-2 visible\"><span style=\"color: var(--global--color-primary); font-family: var(--global--font-secondary); font-size: var(--global--font-size-base); background-color: var(--global--color-background);\">Die Abfahrt ist um 09:00 Uhr, die R\u00fcckkehr um 12:00 Uhr.<\/span><\/div>\n<\/div>\n<\/div>\n<\/div>\n<\/div>\n<\/div>\n<\/div>\n<\/div>\n<\/div>\n<p>Einschiffungsort ist das Beach House, Grand Bay.<\/p>\n<p>&nbsp;<\/p>\n<p><strong>Die maximale Kapazit\u00e4t pro Boot betr\u00e4gt 5 Personen.<\/strong> Sie k\u00f6nnen das Boot reservieren (der Preis bleibt f\u00fcr bis zu 4 Personen gleich) und zus\u00e4tzliche Personen f\u00fcr jedes Boot angeben.<\/p>","protected":false},"excerpt":{"rendered":"<p>Ein wahres Juwel, das darauf wartet, entdeckt zu werden - In Zusammenarbeit mit Vitamin Sea\u2122<\/p>","protected":false},"featured_media":2092,"template":"","meta":[],"product_cat":[17,16],"product_tag":[],"acf":[],"_links":{"self":[{"href":"https:\/\/stage022024.vitaminsealtd.com\/de\/wp-json\/wp\/v2\/product\/1932"}],"collection":[{"href":"https:\/\/stage022024.vitaminsealtd.com\/de\/wp-json\/wp\/v2\/product"}],"about":[{"href":"https:\/\/stage022024.vitaminsealtd.com\/de\/wp-json\/wp\/v2\/types\/product"}],"version-history":[{"count":0,"href":"https:\/\/stage022024.vitaminsealtd.com\/de\/wp-json\/wp\/v2\/product\/1932\/revisions"}],"wp:featuredmedia":[{"embeddable":true,"href":"https:\/\/stage022024.vitaminsealtd.com\/de\/wp-json\/wp\/v2\/media\/2092"}],"wp:attachment":[{"href":"https:\/\/stage022024.vitaminsealtd.com\/de\/wp-json\/wp\/v2\/media?parent=1932"}],"wp:term":[{"taxonomy":"product_cat","embeddable":true,"href":"https:\/\/stage022024.vitaminsealtd.com\/de\/wp-json\/wp\/v2\/product_cat?post=1932"},{"taxonomy":"product_tag","embeddable":true,"href":"https:\/\/stage022024.vitaminsealtd.com\/de\/wp-json\/wp\/v2\/product_tag?post=1932"}],"curies":[{"name":"wp","href":"https:\/\/api.w.org\/{rel}","templated":true}]}}