{"id":2319,"date":"2023-03-13T04:16:05","date_gmt":"2023-03-13T04:16:05","guid":{"rendered":"https:\/\/vitaminsealtd-com.stackstaging.com\/?post_type=product&#038;p=2319"},"modified":"2023-11-22T16:57:42","modified_gmt":"2023-11-22T16:57:42","slug":"dolphin-swim-and-whale-watching-expedition","status":"publish","type":"product","link":"https:\/\/stage022024.vitaminsealtd.com\/de\/produkt\/delfin-schwimmen-und-wal-beobachten-expedition\/","title":{"rendered":"Kombinierte Delphin- und Wal-Exkursion"},"content":{"rendered":"<p>Das Beste aus beiden Welten kombiniert in einem au\u00dfergew\u00f6hnlichen Ausflug...<\/p>\n<p>Um einen friedlichen und respektvollen Umgang mit den Delfinen zu gew\u00e4hrleisten, empfiehlt es sich, in der Wintersaison um 6:15 Uhr und in der Sommersaison um 5:30 Uhr zu starten. Die Tour beinhaltet in der Regel die Beobachtung von Gro\u00dfen T\u00fcmmlern oder Spinnerdelfinen und das Schwimmen mit ihnen f\u00fcr etwa 60 bis 90 Minuten. Danach geht die Tour weiter, um nach Walen Ausschau zu halten.<\/p>\n<p>&nbsp;<\/p>\n<p>Auf Mauritius gibt es in der Regel zwei verschiedene Walarten: Pottwale, die sich das ganze Jahr \u00fcber aufhalten und weit entfernt auf See leben. Und Buckelwale, die nur von Mai bis September an unsere K\u00fcste kommen, um zu f\u00fcttern und Neugeborene oder K\u00e4lber zu sch\u00fctzen. Je nach Jahreszeit und unserem Gl\u00fcck an diesem Tag werden wir Buckel- oder Pottwale in ihrer nat\u00fcrlichen Umgebung beobachten.<br \/>\nDie Fahrt dauert etwa 4 Stunden, je nach Standort der Wale. Bei den Walen ist Geduld gefragt.<\/p>\n<p>Bitte beachten Sie, dass die M\u00f6glichkeit besteht, dass wir keine Wale sehen, aber wir benutzen ein Hydrophon, um sie zu orten. Wir bieten einen Rabatt von 10% auf den Gesamtpreis, wenn Sie die Wale nicht sehen.<\/p>\n<p>Es k\u00f6nnte eine relativ lange Suchzeit geben, um sie zu finden. Wir empfehlen nicht, kleine Kinder f\u00fcr diesen Ausflug an Bord zu nehmen.<\/p>\n<p>&nbsp;<\/p>\n<p>Es ist wichtig, sich den Meerestieren mit Sorgfalt und Vorsicht zu n\u00e4hern und alle Vorschriften und Richtlinien zu befolgen, die f\u00fcr das Gebiet gelten, in dem Sie die Tiere beobachten wollen. Denken Sie daran, dass Delfine und Wale wilde Tiere sind und in ihrem nat\u00fcrlichen Lebensraum respektiert werden sollten. Au\u00dferdem ist es wichtig, die Auswirkungen auf die Umwelt so gering wie m\u00f6glich zu halten und ein nachhaltiges und umweltfreundliches Verhalten an den Tag zu legen, w\u00e4hrend Sie diese erstaunlichen Kreaturen beobachten.<\/p>\n<p>Selbstgebackenes Bananenbrot und alkoholfreie Getr\u00e4nke werden w\u00e4hrend der Tour angeboten.<\/p>\n<p>&nbsp;<\/p>\n<p>F\u00fcgen Sie Ihre pers\u00f6nlichen Unterwasserfotos und -videos mit Delfinen hinzu, die von unseren Fotoguides mit den neuesten GoPro-Kameras aufgenommen wurden. Bitte beachten Sie, dass das Endergebnis der Fotos und Videos von der Interaktion mit den Delfinen, Ihren Schwimmf\u00e4higkeiten und den allgemeinen Meeresbedingungen abh\u00e4ngt. Nach Pr\u00fcfung und Genehmigung werden Ihnen alle Dateien am Ende der Reise auf einer SD-Karte zur Verf\u00fcgung gestellt oder \u00fcber WeTransfer verschickt.<\/p>\n<p>&nbsp;<\/p>\n<p><b>Das Schwimmen mit Walen ist auf Mauritius gem\u00e4\u00df den Vorschriften der Tourismusbeh\u00f6rde (Delphin- und Walbeobachtung) von 2012 verboten.<\/b>. Diese Reise ist nur eine Besichtigung Erfahrung nach dem Gesetz in Mauritius.<\/p>\n<p><strong>Die maximale Kapazit\u00e4t pro Boot betr\u00e4gt 8 Personen.<\/strong> Sie k\u00f6nnen das Boot reservieren (der Preis bleibt f\u00fcr bis zu 4 Personen gleich) und zus\u00e4tzliche Personen f\u00fcr jedes Boot angeben.<\/p>","protected":false},"excerpt":{"rendered":"<p>Beobachten Sie diese pr\u00e4chtigen Meeresbewohner in ihrem nat\u00fcrlichen Lebensraum.<\/p>","protected":false},"featured_media":2956,"template":"","meta":[],"product_cat":[17,16,35],"product_tag":[],"acf":[],"_links":{"self":[{"href":"https:\/\/stage022024.vitaminsealtd.com\/de\/wp-json\/wp\/v2\/product\/2319"}],"collection":[{"href":"https:\/\/stage022024.vitaminsealtd.com\/de\/wp-json\/wp\/v2\/product"}],"about":[{"href":"https:\/\/stage022024.vitaminsealtd.com\/de\/wp-json\/wp\/v2\/types\/product"}],"version-history":[{"count":0,"href":"https:\/\/stage022024.vitaminsealtd.com\/de\/wp-json\/wp\/v2\/product\/2319\/revisions"}],"wp:featuredmedia":[{"embeddable":true,"href":"https:\/\/stage022024.vitaminsealtd.com\/de\/wp-json\/wp\/v2\/media\/2956"}],"wp:attachment":[{"href":"https:\/\/stage022024.vitaminsealtd.com\/de\/wp-json\/wp\/v2\/media?parent=2319"}],"wp:term":[{"taxonomy":"product_cat","embeddable":true,"href":"https:\/\/stage022024.vitaminsealtd.com\/de\/wp-json\/wp\/v2\/product_cat?post=2319"},{"taxonomy":"product_tag","embeddable":true,"href":"https:\/\/stage022024.vitaminsealtd.com\/de\/wp-json\/wp\/v2\/product_tag?post=2319"}],"curies":[{"name":"wp","href":"https:\/\/api.w.org\/{rel}","templated":true}]}}