{"id":3552,"date":"2023-11-21T15:45:38","date_gmt":"2023-11-21T15:45:38","guid":{"rendered":"https:\/\/vitaminsealtd-com.stackstaging.com\/?post_type=product&#038;p=3552"},"modified":"2023-11-21T23:26:50","modified_gmt":"2023-11-21T23:26:50","slug":"luxury-yacht-le-morne-lagoon","status":"publish","type":"product","link":"https:\/\/stage022024.vitaminsealtd.com\/de\/produkt\/luxus-jacht-le-morne-lagune\/","title":{"rendered":"Luxusyacht Le Morne Lagoon Ganztageskreuzfahrt"},"content":{"rendered":"<div class=\"\" data-block=\"true\" data-editor=\"2f982\" data-offset-key=\"ri1n-0-0\">\n<div class=\"public-DraftStyleDefault-block public-DraftStyleDefault-ltr\" data-offset-key=\"ri1n-0-0\"><span data-offset-key=\"ri1n-0-0\">Begeben Sie sich mit uns auf eine heitere Eskapade. Wir laden Sie ein, die Hektik hinter sich zu lassen und sich eine erfrischende Pause von der Realit\u00e4t zu g\u00f6nnen. Der Luxus der 40-Fu\u00df-Beneteau-Yacht ist unvergleichlich; jede Kabine ist ein kleines St\u00fcck vom Paradies und bietet erstklassige Annehmlichkeiten an Bord.<\/span><\/div>\n<\/div>\n<div class=\"\" data-block=\"true\" data-editor=\"2f982\" data-offset-key=\"afahp-0-0\">\n<div class=\"public-DraftStyleDefault-block public-DraftStyleDefault-ltr\" data-offset-key=\"afahp-0-0\"><span data-offset-key=\"afahp-0-0\">Ihr All-inclusive-Tag beginnt um 10:00 Uhr mit der Abfahrt vom Yachthafen La Balise. Unter dem Kommando eines erfahrenen Kapit\u00e4ns und Skippers setzt Ihre Yacht die Segel in Richtung Crystal Rock oder Le Morne Brabant, je nach Wetterlage. Nach einer lohnenden Schnorchelpause an diesem idyllischen Fleckchen Erde wird Ihr Luxusbootausflug in Richtung Tamarin Bay fortgesetzt.<\/span><\/div>\n<\/div>\n<div class=\"\" data-block=\"true\" data-editor=\"2f982\" data-offset-key=\"9bh3m-0-0\">\n<div class=\"public-DraftStyleDefault-block public-DraftStyleDefault-ltr\" data-offset-key=\"9bh3m-0-0\"><span data-offset-key=\"9bh3m-0-0\">Die R\u00fcckkehr ist f\u00fcr 16:00 Uhr geplant, so dass Sie einen ganzen Tag mit Familie oder Freunden in luxuri\u00f6ser Umgebung mit Aktivit\u00e4ten zu Wasser und zu Land verbringen k\u00f6nnen. Ob mit der Familie oder mit Freunden, dieser Ausflug bietet die perfekte Gelegenheit, Spa\u00df zu haben und die Sch\u00f6nheit von Mauritius zu bewundern. Halten Sie jeden Moment mit Ihrer Kamera fest und schaffen Sie unvergessliche Erinnerungen.<\/span><\/div>\n<\/div>\n<div class=\"\" data-block=\"true\" data-editor=\"2f982\" data-offset-key=\"b6kq1-0-0\">\n<div class=\"public-DraftStyleDefault-block public-DraftStyleDefault-ltr\" data-offset-key=\"b6kq1-0-0\"><span data-offset-key=\"b6kq1-0-0\">Dieser Premium-Service erm\u00f6glicht es Ihnen, diesen maritimen Tag noch au\u00dfergew\u00f6hnlicher zu gestalten. Sie k\u00f6nnen sich f\u00fcr ein erstklassiges Hummermen\u00fc entscheiden oder mit einer Flasche franz\u00f6sischen Champagners einen Hauch von Eleganz hinzuf\u00fcgen. Sie k\u00f6nnen auch Freunde oder Familie einladen, um dieses luxuri\u00f6se Erlebnis zu teilen, das reich an Erinnerungen und entspannenden Momenten ist.<\/span><\/div>\n<\/div>\n<div class=\"\" data-block=\"true\" data-editor=\"2f982\" data-offset-key=\"1587g-0-0\">\n<div class=\"public-DraftStyleDefault-block public-DraftStyleDefault-ltr\" data-offset-key=\"1587g-0-0\"><span data-offset-key=\"1587g-0-0\">Unseren Kunden ist nichts zu aufwendig. Deshalb bieten wir zus\u00e4tzliche Optionen, die Ihren Tag zu einem unvergesslichen Erlebnis machen. Genie\u00dfen Sie jeden Moment in einem Rahmen, der die nat\u00fcrliche Sch\u00f6nheit und den raffinierten Luxus von Mauritius widerspiegelt.<\/span><\/div>\n<\/div>\n<div class=\"\" data-block=\"true\" data-editor=\"2f982\" data-offset-key=\"1g9op-0-0\">\n<div class=\"public-DraftStyleDefault-block public-DraftStyleDefault-ltr\" data-offset-key=\"1g9op-0-0\"><span data-offset-key=\"1g9op-0-0\">Bei diesem privaten Bootsausflug ist alles im Preis inbegriffen. Im Preis inbegriffen sind eine sensationelle Mahlzeit sowie die Nutzung der gesamten Tauchausr\u00fcstung, Masken und Schnorchel. Sie k\u00f6nnen auch eine Pause zum Schwimmen einlegen, umgeben von der reichen Unterwasserwelt des Indischen Ozeans.<\/span><\/div>\n<\/div>\n<div class=\"\" data-block=\"true\" data-editor=\"2f982\" data-offset-key=\"3tqjk-0-0\">\n<div class=\"public-DraftStyleDefault-block public-DraftStyleDefault-ltr\" data-offset-key=\"3tqjk-0-0\"><span data-offset-key=\"3tqjk-0-0\">\u00a0<\/span><\/div>\n<\/div>\n<div class=\"\" data-block=\"true\" data-editor=\"2f982\" data-offset-key=\"7t56c-0-0\">\n<div class=\"public-DraftStyleDefault-block public-DraftStyleDefault-ltr\" data-offset-key=\"7t56c-0-0\"><span data-offset-key=\"7t56c-0-0\">Die maximale Belegung an Bord ist auf 8 Personen begrenzt.<\/span><\/div>\n<\/div>\n<div class=\"\" data-block=\"true\" data-editor=\"2f982\" data-offset-key=\"9q18l-0-0\">\n<div class=\"public-DraftStyleDefault-block public-DraftStyleDefault-ltr\" data-offset-key=\"9q18l-0-0\"><span data-offset-key=\"9q18l-0-0\">Die Abfahrt ist um 10:00 Uhr morgens, die R\u00fcckkehr um 16:00 Uhr.<\/span><\/div>\n<\/div>\n<div class=\"\" data-block=\"true\" data-editor=\"2f982\" data-offset-key=\"b19ic-0-0\">\n<div class=\"public-DraftStyleDefault-block public-DraftStyleDefault-ltr\" data-offset-key=\"b19ic-0-0\"><span data-offset-key=\"b19ic-0-0\">Einschiffungsort ist das Vitamin Sea Office, L'Estuaire, Black River.<\/span><\/div>\n<\/div>\n<div class=\"\" data-block=\"true\" data-editor=\"2f982\" data-offset-key=\"bav4n-0-0\">\n<div class=\"public-DraftStyleDefault-block public-DraftStyleDefault-ltr\" data-offset-key=\"bav4n-0-0\"><span data-offset-key=\"bav4n-0-0\">Bitte beachten Sie, dass dieser Ausflug nicht von Vitamin Sea Ltd. organisiert wird. Wir w\u00e4hlen jedoch unsere Partner sorgf\u00e4ltig aus und empfehlen ihre Ausfl\u00fcge sehr, da wir sie selbst nutzen.<\/span><\/div>\n<\/div>\n<div class=\"\" data-block=\"true\" data-editor=\"2f982\" data-offset-key=\"6hhf2-0-0\">\n<div class=\"public-DraftStyleDefault-block public-DraftStyleDefault-ltr\" data-offset-key=\"6hhf2-0-0\"><span data-offset-key=\"6hhf2-0-0\">\u00a0<\/span><\/div>\n<\/div>\n<div class=\"\" data-block=\"true\" data-editor=\"2f982\" data-offset-key=\"6v6of-0-0\">\n<div class=\"public-DraftStyleDefault-block public-DraftStyleDefault-ltr\" data-offset-key=\"6v6of-0-0\"><span data-offset-key=\"6v6of-0-0\">N.B.: Unsere Online-Plattform erhebt eine Servicegeb\u00fchr von 8%, die auf den Exkursions- und Zusatztarif zu zahlen ist und direkt an die Plattform des Dienstleisters weitergeleitet wird. Durch die Nutzung unserer Online-Buchungsplattform erkl\u00e4ren Sie sich damit einverstanden, diese Servicegeb\u00fchr zus\u00e4tzlich zum Ausflugspreis zu zahlen. Die Servicegeb\u00fchr ist f\u00fcr den Kunden NICHT R\u00dcCKZAHLBAR, da sie direkt von der externen Buchungsplattform einbehalten wird.<\/span><\/div>\n<\/div>","protected":false},"excerpt":{"rendered":"<p>Erkunden Sie die Westk\u00fcste der Insel und ihre sch\u00f6nsten Pl\u00e4tze an Bord einer Luxusyacht - In Zusammenarbeit mit Vitamin Sea\u2122<\/p>","protected":false},"featured_media":3729,"template":"","meta":[],"product_cat":[17,66],"product_tag":[],"acf":[],"_links":{"self":[{"href":"https:\/\/stage022024.vitaminsealtd.com\/de\/wp-json\/wp\/v2\/product\/3552"}],"collection":[{"href":"https:\/\/stage022024.vitaminsealtd.com\/de\/wp-json\/wp\/v2\/product"}],"about":[{"href":"https:\/\/stage022024.vitaminsealtd.com\/de\/wp-json\/wp\/v2\/types\/product"}],"version-history":[{"count":0,"href":"https:\/\/stage022024.vitaminsealtd.com\/de\/wp-json\/wp\/v2\/product\/3552\/revisions"}],"wp:featuredmedia":[{"embeddable":true,"href":"https:\/\/stage022024.vitaminsealtd.com\/de\/wp-json\/wp\/v2\/media\/3729"}],"wp:attachment":[{"href":"https:\/\/stage022024.vitaminsealtd.com\/de\/wp-json\/wp\/v2\/media?parent=3552"}],"wp:term":[{"taxonomy":"product_cat","embeddable":true,"href":"https:\/\/stage022024.vitaminsealtd.com\/de\/wp-json\/wp\/v2\/product_cat?post=3552"},{"taxonomy":"product_tag","embeddable":true,"href":"https:\/\/stage022024.vitaminsealtd.com\/de\/wp-json\/wp\/v2\/product_tag?post=3552"}],"curies":[{"name":"wp","href":"https:\/\/api.w.org\/{rel}","templated":true}]}}