{"id":2990,"date":"2023-04-15T11:04:01","date_gmt":"2023-04-15T11:04:01","guid":{"rendered":"https:\/\/vitaminsealtd-com.stackstaging.com\/?page_id=2990"},"modified":"2023-04-15T11:10:50","modified_gmt":"2023-04-15T11:10:50","slug":"terms-conditions","status":"publish","type":"page","link":"https:\/\/stage022024.vitaminsealtd.com\/fr\/termes-conditions\/","title":{"rendered":"Conditions g\u00e9n\u00e9rales d'utilisation"},"content":{"rendered":"<div data-elementor-type=\"wp-page\" data-elementor-id=\"2990\" class=\"elementor elementor-2990\" data-elementor-post-type=\"page\">\n\t\t\t\t\t\t\t\t\t<section class=\"elementor-section elementor-top-section elementor-element elementor-element-7c94fc73 elementor-section-boxed elementor-section-height-default elementor-section-height-default\" data-id=\"7c94fc73\" data-element_type=\"section\">\n\t\t\t\t\t\t<div class=\"elementor-container elementor-column-gap-default\">\n\t\t\t\t\t<div class=\"elementor-column elementor-col-100 elementor-top-column elementor-element elementor-element-1043e741\" data-id=\"1043e741\" data-element_type=\"column\">\n\t\t\t<div class=\"elementor-widget-wrap elementor-element-populated\">\n\t\t\t\t\t\t\t\t<div class=\"elementor-element elementor-element-9cb6104 elementor-widget elementor-widget-heading\" data-id=\"9cb6104\" data-element_type=\"widget\" data-widget_type=\"heading.default\">\n\t\t\t\t<div class=\"elementor-widget-container\">\n\t\t\t<style>\/*! elementor - v3.17.0 - 08-11-2023 *\/\n.elementor-heading-title{padding:0;margin:0;line-height:1}.elementor-widget-heading .elementor-heading-title[class*=elementor-size-]>a{color:inherit;font-size:inherit;line-height:inherit}.elementor-widget-heading .elementor-heading-title.elementor-size-small{font-size:15px}.elementor-widget-heading .elementor-heading-title.elementor-size-medium{font-size:19px}.elementor-widget-heading .elementor-heading-title.elementor-size-large{font-size:29px}.elementor-widget-heading .elementor-heading-title.elementor-size-xl{font-size:39px}.elementor-widget-heading .elementor-heading-title.elementor-size-xxl{font-size:59px}<\/style><h1 class=\"elementor-heading-title elementor-size-default\">Conditions g\u00e9n\u00e9rales d'utilisation<\/h1>\t\t<\/div>\n\t\t\t\t<\/div>\n\t\t\t\t<div class=\"elementor-element elementor-element-2be1f5ec elementor-widget elementor-widget-text-editor\" data-id=\"2be1f5ec\" data-element_type=\"widget\" data-widget_type=\"text-editor.default\">\n\t\t\t\t<div class=\"elementor-widget-container\">\n\t\t\t<style>\/*! elementor - v3.17.0 - 08-11-2023 *\/\n.elementor-widget-text-editor.elementor-drop-cap-view-stacked .elementor-drop-cap{background-color:#69727d;color:#fff}.elementor-widget-text-editor.elementor-drop-cap-view-framed .elementor-drop-cap{color:#69727d;border:3px solid;background-color:transparent}.elementor-widget-text-editor:not(.elementor-drop-cap-view-default) .elementor-drop-cap{margin-top:8px}.elementor-widget-text-editor:not(.elementor-drop-cap-view-default) .elementor-drop-cap-letter{width:1em;height:1em}.elementor-widget-text-editor .elementor-drop-cap{float:left;text-align:center;line-height:1;font-size:50px}.elementor-widget-text-editor .elementor-drop-cap-letter{display:inline-block}<\/style>\t\t\t\t<!-- wp:paragraph -->\n<p>Merci de visiter le site web de Vitamin Sea Ltd et de consid\u00e9rer nos services. Dans le texte des conditions g\u00e9n\u00e9rales, le terme \"services\" fait r\u00e9f\u00e9rence aux produits, outils et fonctions propos\u00e9s par Vitamin Sea Ltd et ses filiales sur leur site web ou par d'autres moyens. Dans le contexte des excursions en bateau, les \"services\" font r\u00e9f\u00e9rence aux excursions en bateau et \u00e0 tous les services connexes offerts par Vitamin Sea Ltd et ses filiales ou fournisseurs externes par le biais de leur site web ou d'autres moyens. Ces services peuvent inclure, sans s'y limiter, la r\u00e9servation, le paiement et la fourniture d'excursions en bateau, ainsi que toute information ou assistance connexe fournie par l'entreprise.<\/p>\n<p>\u00a0<\/p>\n<!-- \/wp:paragraph --><!-- wp:paragraph -->\n<p>\"L'entreprise\" d\u00e9signe Vitamin Sea Ltd et ses filiales, y compris les entit\u00e9s affili\u00e9es, les employ\u00e9s, les dirigeants, les administrateurs et les agents impliqu\u00e9s dans la fourniture d'excursions en bateau et de services connexes.<\/p>\n<p>\u00a0<\/p>\n<!-- \/wp:paragraph --><!-- wp:paragraph -->\n<p>En acc\u00e9dant \u00e0 notre site web et \u00e0 nos services et en les utilisant, vous acceptez les conditions suivantes :\u00a0<\/p>\n<p>\u00a0<\/p>\n<!-- \/wp:paragraph --><!-- wp:list {\"ordered\":true} -->\n<ol><!-- wp:list-item -->\n<li>Acceptation des conditions : En acc\u00e9dant \u00e0 notre site web et \u00e0 nos services et en les utilisant, vous acceptez d'\u00eatre li\u00e9 par les pr\u00e9sentes conditions g\u00e9n\u00e9rales, ainsi que par toute autre politique ou ligne directrice que nous pourrions avoir affich\u00e9e sur notre site web.<\/li>\n<!-- \/wp:list-item --><!-- wp:list-item -->\n<li>Propri\u00e9t\u00e9 intellectuelle : Tout le contenu de notre site Web, y compris, mais sans s'y limiter, les textes, les graphiques, les logos, les images et les logiciels, est la propri\u00e9t\u00e9 de Vitamin Sea Ltd ou de ses fournisseurs de contenu et est prot\u00e9g\u00e9 par les lois internationales sur les droits d'auteur.<\/li>\n<!-- \/wp:list-item --><!-- wp:list-item -->\n<li>Utilisation du site web : Vous acceptez de n'utiliser notre site web et nos services qu'\u00e0 des fins l\u00e9gales et d'une mani\u00e8re conforme \u00e0 toutes les lois et r\u00e9glementations applicables. Vous acceptez \u00e9galement de ne pas utiliser notre site web ou nos services d'une mani\u00e8re susceptible d'endommager, de d\u00e9sactiver, de surcharger ou d'alt\u00e9rer nos serveurs ou d'interf\u00e9rer avec l'utilisation de notre site web ou de nos services par une autre partie.<\/li>\n<!-- \/wp:list-item --><!-- wp:list-item -->\n<li>Contenu de l'utilisateur : Tout contenu que vous publiez ou t\u00e9l\u00e9chargez sur notre site Web ou nos services, y compris, mais sans s'y limiter, les commentaires, les critiques ou les t\u00e9moignages, sera consid\u00e9r\u00e9 comme non confidentiel et non exclusif. Vous accordez \u00e0 Vitamin Sea Ltd une licence non exclusive, perp\u00e9tuelle, irr\u00e9vocable, sans redevance et mondiale pour utiliser, modifier, reproduire et distribuer tout contenu de ce type.<\/li>\n<!-- \/wp:list-item --><!-- wp:list-item -->\n<li>Comportement de l'utilisateur : Vous acceptez de ne pas adopter un comportement perturbateur, nuisible ou offensant pour les autres utilisateurs de notre site web ou de nos services. Cela inclut, sans s'y limiter, le harc\u00e8lement, le spamming ou la distribution de virus ou d'autres codes malveillants.<\/li>\n<!-- \/wp:list-item --><!-- wp:list-item -->\n<li>Politique de confidentialit\u00e9 : Notre politique de confidentialit\u00e9 r\u00e9git la collecte, l'utilisation et la divulgation de vos informations personnelles. En utilisant notre site web et nos services, vous consentez \u00e0 ce que nous collections, utilisions et divulguions vos informations personnelles conform\u00e9ment \u00e0 notre politique de confidentialit\u00e9.<\/li>\n<!-- \/wp:list-item --><!-- wp:list-item -->\n<li>R\u00e9siliation : Nous pouvons mettre fin \u00e0 votre acc\u00e8s \u00e0 notre site web ou \u00e0 nos services \u00e0 tout moment, avec ou sans motif, sans pr\u00e9avis ni responsabilit\u00e9.<\/li>\n<!-- \/wp:list-item --><!-- wp:list-item -->\n<li>Clause de non-responsabilit\u00e9 : Notre site web et nos services sont fournis \"en l'\u00e9tat\" et \"selon disponibilit\u00e9\" sans aucune garantie ou repr\u00e9sentation de quelque nature que ce soit, expresse ou implicite. Vitamin Sea Ltd ne garantit pas que son site Internet ou ses services seront exempts d'erreurs, ininterrompus ou d\u00e9pourvus de virus ou d'autres \u00e9l\u00e9ments nuisibles.<\/li>\n<!-- \/wp:list-item --><!-- wp:list-item -->\n<li>Vitamin Sea Ltd et ses logos et slogans associ\u00e9s sont des marques d\u00e9pos\u00e9es de la soci\u00e9t\u00e9. Toutes les autres marques, marques de service, noms commerciaux et logos utilis\u00e9s sur notre site web ou en relation avec nos services sont la propri\u00e9t\u00e9 de leurs d\u00e9tenteurs respectifs. Vous ne pouvez utiliser aucune de ces marques ou logos sans l'autorisation \u00e9crite pr\u00e9alable du propri\u00e9taire. Toute utilisation non autoris\u00e9e de nos marques ou logos peut donner lieu \u00e0 des poursuites judiciaires, y compris, mais sans s'y limiter, \u00e0 des dommages-int\u00e9r\u00eats mon\u00e9taires et \u00e0 des mesures de redressement par voie d'injonction.<\/li>\n<!-- \/wp:list-item --><!-- wp:list-item -->\n<li>Limitation de responsabilit\u00e9 : Vitamin Sea Ltd, y compris ses filiales, ses dirigeants, filiales, soci\u00e9t\u00e9s affili\u00e9es, successeurs, ayants droit, directeurs, agents, prestataires de services, fournisseurs et employ\u00e9s ne peuvent en aucun cas \u00eatre tenus responsables des blessures, pertes, dommages, accidents, retards ou irr\u00e9gularit\u00e9s pouvant survenir au cours de l'excursion en bateau, de l'utilisation du ponton d'embarquement ou de toute activit\u00e9 de natation. Tous les passagers sont tenus de porter un gilet de sauvetage si n\u00e9cessaire et de suivre les r\u00e8gles de s\u00e9curit\u00e9 et les directives fournies par l'\u00e9quipage. Tout dommage ou perte caus\u00e9 au bateau ou \u00e0 l'\u00e9quipement par les passagers sera de la responsabilit\u00e9 de l'individu ou du groupe qui a caus\u00e9 le dommage ou la perte. Vitamin Sea Ltd et ses filiales se r\u00e9servent le droit de refuser le service \u00e0 tout individu ou groupe qui ne respecte pas les r\u00e8gles et directives de s\u00e9curit\u00e9, ou dont la conduite est jug\u00e9e inappropri\u00e9e ou perturbatrice pour la jouissance de l'excursion par les autres. En r\u00e9servant une excursion en bateau ou en utilisant le ponton d'embarquement ou les activit\u00e9s de natation, vous acceptez d'assumer tous les risques et de d\u00e9gager Vitamin Sea Ltd, y compris ses filiales, ses dirigeants, ses filiales, ses soci\u00e9t\u00e9s affili\u00e9es, ses successeurs, ses ayants droit, ses directeurs, ses agents, ses prestataires de services, ses fournisseurs et ses employ\u00e9s de toute responsabilit\u00e9 en cas de blessure, de perte ou de dommage qui pourrait survenir.<\/li>\n<!-- \/wp:list-item --><!-- wp:list-item -->\n<li>Notre plateforme en ligne facture des frais de service de 8%, payables sur le tarif de l'excursion, qui seront directement transmis \u00e0 la plateforme du fournisseur de services. En utilisant notre plateforme de r\u00e9servation en ligne, vous acceptez de payer ces frais de service en plus du tarif de l'excursion.<\/li>\n<!-- \/wp:list-item --><!-- wp:list-item -->\n<li>Droit applicable : Les pr\u00e9sentes conditions g\u00e9n\u00e9rales sont r\u00e9gies et interpr\u00e9t\u00e9es conform\u00e9ment aux lois du pays o\u00f9 se trouve notre si\u00e8ge social, sans donner effet \u00e0 aucun principe de conflit de lois.<\/li>\n<!-- \/wp:list-item --><!-- wp:list-item -->\n<li>Modifications des conditions g\u00e9n\u00e9rales : Nous nous r\u00e9servons le droit de modifier les pr\u00e9sentes conditions g\u00e9n\u00e9rales \u00e0 tout moment, sans pr\u00e9avis. En continuant \u00e0 utiliser notre site web ou nos services apr\u00e8s de telles modifications, vous acceptez les conditions g\u00e9n\u00e9rales r\u00e9vis\u00e9es.<\/li>\n<!-- \/wp:list-item --><\/ol>\n<!-- \/wp:list --><!-- wp:paragraph -->\n<p>\u00a0<\/p>\n<p>Si vous avez des questions ou des pr\u00e9occupations concernant les pr\u00e9sentes conditions g\u00e9n\u00e9rales, veuillez nous contacter \u00e0 l'adresse suivante : hello@vitaminsealtd.com.<\/p>\n<!-- \/wp:paragraph -->\t\t\t\t\t\t<\/div>\n\t\t\t\t<\/div>\n\t\t\t\t<div class=\"elementor-element elementor-element-37cc825 elementor-widget elementor-widget-spacer\" data-id=\"37cc825\" data-element_type=\"widget\" data-widget_type=\"spacer.default\">\n\t\t\t\t<div class=\"elementor-widget-container\">\n\t\t\t<style>\/*! elementor - v3.17.0 - 08-11-2023 *\/\n.elementor-column .elementor-spacer-inner{height:var(--spacer-size)}.e-con{--container-widget-width:100%}.e-con-inner>.elementor-widget-spacer,.e-con>.elementor-widget-spacer{width:var(--container-widget-width,var(--spacer-size));--align-self:var(--container-widget-align-self,initial);--flex-shrink:0}.e-con-inner>.elementor-widget-spacer>.elementor-widget-container,.e-con>.elementor-widget-spacer>.elementor-widget-container{height:100%;width:100%}.e-con-inner>.elementor-widget-spacer>.elementor-widget-container>.elementor-spacer,.e-con>.elementor-widget-spacer>.elementor-widget-container>.elementor-spacer{height:100%}.e-con-inner>.elementor-widget-spacer>.elementor-widget-container>.elementor-spacer>.elementor-spacer-inner,.e-con>.elementor-widget-spacer>.elementor-widget-container>.elementor-spacer>.elementor-spacer-inner{height:var(--container-widget-height,var(--spacer-size))}.e-con-inner>.elementor-widget-spacer.elementor-widget-empty,.e-con>.elementor-widget-spacer.elementor-widget-empty{position:relative;min-height:22px;min-width:22px}.e-con-inner>.elementor-widget-spacer.elementor-widget-empty .elementor-widget-empty-icon,.e-con>.elementor-widget-spacer.elementor-widget-empty .elementor-widget-empty-icon{position:absolute;top:0;bottom:0;left:0;right:0;margin:auto;padding:0;width:22px;height:22px}<\/style>\t\t<div class=\"elementor-spacer\">\n\t\t\t<div class=\"elementor-spacer-inner\"><\/div>\n\t\t<\/div>\n\t\t\t\t<\/div>\n\t\t\t\t<\/div>\n\t\t\t\t\t<\/div>\n\t\t<\/div>\n\t\t\t\t\t\t\t<\/div>\n\t\t<\/section>\n\t\t\t\t\t\t\t<\/div>","protected":false},"excerpt":{"rendered":"<p>Merci de visiter le site web de Vitamin Sea Ltd et de consid\u00e9rer nos services. Dans le texte des termes et conditions, \"Services\" fait r\u00e9f\u00e9rence aux produits, outils et fonctionnalit\u00e9s offerts par Vitamin Sea Ltd et ses filiales par le biais de leur site web ou d'autres moyens. Dans le contexte des excursions en bateau, les \"services\" se r\u00e9f\u00e8rent aux excursions en bateau et \u00e0 tout... <a class=\"more-link\" href=\"https:\/\/stage022024.vitaminsealtd.com\/fr\/termes-conditions\/\">Poursuivre la lecture <span class=\"screen-reader-text\">Conditions g\u00e9n\u00e9rales d'utilisation<\/span><\/a><\/p>","protected":false},"author":1,"featured_media":0,"parent":0,"menu_order":0,"comment_status":"closed","ping_status":"closed","template":"elementor_header_footer","meta":{"footnotes":""},"acf":[],"_links":{"self":[{"href":"https:\/\/stage022024.vitaminsealtd.com\/fr\/wp-json\/wp\/v2\/pages\/2990"}],"collection":[{"href":"https:\/\/stage022024.vitaminsealtd.com\/fr\/wp-json\/wp\/v2\/pages"}],"about":[{"href":"https:\/\/stage022024.vitaminsealtd.com\/fr\/wp-json\/wp\/v2\/types\/page"}],"author":[{"embeddable":true,"href":"https:\/\/stage022024.vitaminsealtd.com\/fr\/wp-json\/wp\/v2\/users\/1"}],"replies":[{"embeddable":true,"href":"https:\/\/stage022024.vitaminsealtd.com\/fr\/wp-json\/wp\/v2\/comments?post=2990"}],"version-history":[{"count":0,"href":"https:\/\/stage022024.vitaminsealtd.com\/fr\/wp-json\/wp\/v2\/pages\/2990\/revisions"}],"wp:attachment":[{"href":"https:\/\/stage022024.vitaminsealtd.com\/fr\/wp-json\/wp\/v2\/media?parent=2990"}],"curies":[{"name":"wp","href":"https:\/\/api.w.org\/{rel}","templated":true}]}}