{"id":3008,"date":"2023-04-15T11:14:58","date_gmt":"2023-04-15T11:14:58","guid":{"rendered":"https:\/\/vitaminsealtd-com.stackstaging.com\/?page_id=3008"},"modified":"2023-04-15T11:25:34","modified_gmt":"2023-04-15T11:25:34","slug":"cancellation-policy","status":"publish","type":"page","link":"https:\/\/stage022024.vitaminsealtd.com\/fr\/politique-dannulation\/","title":{"rendered":"Politique d'annulation"},"content":{"rendered":"<p>L'annulation doit \u00eatre faite 5 jours avant la date de l'excursion pour pouvoir b\u00e9n\u00e9ficier d'un remboursement int\u00e9gral du montant pay\u00e9 pour l'excursion. Apr\u00e8s cette date, le montant sera partiellement rembours\u00e9. Aucun remboursement ne sera accept\u00e9 \u00e0 partir de deux jours avant l'excursion.<\/p>\n\n\n\n<div style=\"height:2vh\" aria-hidden=\"true\" class=\"wp-block-spacer\"><\/div>\n\n\n\n<p>Voir ci-dessous :<\/p>\n\n\n\n<p>Des frais d'annulation de 100% seront factur\u00e9s si la r\u00e9servation est annul\u00e9e 2 jours ou moins avant l'\u00e9v\u00e9nement.<\/p>\n\n\n\n<p>Des frais d'annulation de 30% seront factur\u00e9s si la r\u00e9servation est annul\u00e9e 5 jours ou moins avant l'\u00e9v\u00e9nement.<\/p>\n\n\n\n<div style=\"height:2vh\" aria-hidden=\"true\" class=\"wp-block-spacer\"><\/div>\n\n\n\n<p>En cas de mauvais temps et d'impossibilit\u00e9 de r\u00e9aliser la sortie en mer pour des raisons m\u00e9t\u00e9orologiques, l'op\u00e9rateur proposera une date ult\u00e9rieure et reprogrammera la sortie lorsque les conditions m\u00e9t\u00e9orologiques seront favorables. Ceci afin d'assurer la s\u00e9curit\u00e9 de nos clients et d'\u00e9viter tout risque pour leur s\u00e9curit\u00e9.<\/p>\n\n\n\n<div style=\"height:2vh\" aria-hidden=\"true\" class=\"wp-block-spacer\"><\/div>\n\n\n\n<p>En cas de mauvais temps, l'op\u00e9rateur proposera une date ult\u00e9rieure pour la sortie et la reprogrammera d\u00e8s que les conditions m\u00e9t\u00e9orologiques le permettront.<\/p>\n\n\n\n<div style=\"height:2vh\" aria-hidden=\"true\" class=\"wp-block-spacer\"><\/div>\n\n\n\n<p>S'il n'y a pas de possibilit\u00e9 de remboursement (dans le cas d'un vol \u00e0 venir ou d'une absence de disponibilit\u00e9 chez l'op\u00e9rateur apr\u00e8s le mauvais temps), le client sera rembours\u00e9 du montant pay\u00e9 pour la sortie.<\/p>\n\n\n\n<div style=\"height:2vh\" aria-hidden=\"true\" class=\"wp-block-spacer\"><\/div>\n\n\n\n<p>Veuillez noter que les frais de service de 8% sur le montant pay\u00e9 \u00e0 la plateforme de r\u00e9servation ne seront en aucun cas remboursables.<\/p>","protected":false},"excerpt":{"rendered":"<p>L'annulation doit \u00eatre faite 5 jours avant la date de l'excursion pour pouvoir b\u00e9n\u00e9ficier d'un remboursement int\u00e9gral du montant pay\u00e9 pour l'excursion. Apr\u00e8s cette date, le montant sera partiellement rembours\u00e9. Aucun remboursement ne sera accept\u00e9 \u00e0 partir de deux jours avant l'excursion. Voir ci-dessous : Nous facturons des frais d'annulation... <a class=\"more-link\" href=\"https:\/\/stage022024.vitaminsealtd.com\/fr\/politique-dannulation\/\">Poursuivre la lecture <span class=\"screen-reader-text\">Politique d'annulation<\/span><\/a><\/p>","protected":false},"author":1,"featured_media":0,"parent":0,"menu_order":0,"comment_status":"closed","ping_status":"closed","template":"","meta":{"footnotes":""},"acf":[],"_links":{"self":[{"href":"https:\/\/stage022024.vitaminsealtd.com\/fr\/wp-json\/wp\/v2\/pages\/3008"}],"collection":[{"href":"https:\/\/stage022024.vitaminsealtd.com\/fr\/wp-json\/wp\/v2\/pages"}],"about":[{"href":"https:\/\/stage022024.vitaminsealtd.com\/fr\/wp-json\/wp\/v2\/types\/page"}],"author":[{"embeddable":true,"href":"https:\/\/stage022024.vitaminsealtd.com\/fr\/wp-json\/wp\/v2\/users\/1"}],"replies":[{"embeddable":true,"href":"https:\/\/stage022024.vitaminsealtd.com\/fr\/wp-json\/wp\/v2\/comments?post=3008"}],"version-history":[{"count":0,"href":"https:\/\/stage022024.vitaminsealtd.com\/fr\/wp-json\/wp\/v2\/pages\/3008\/revisions"}],"wp:attachment":[{"href":"https:\/\/stage022024.vitaminsealtd.com\/fr\/wp-json\/wp\/v2\/media?parent=3008"}],"curies":[{"name":"wp","href":"https:\/\/api.w.org\/{rel}","templated":true}]}}