{"id":1911,"date":"2023-03-09T05:10:29","date_gmt":"2023-03-09T05:10:29","guid":{"rendered":"https:\/\/vitaminsealtd-com.stackstaging.com\/?post_type=product&#038;p=1911"},"modified":"2023-11-22T16:57:16","modified_gmt":"2023-11-22T16:57:16","slug":"northern-islands-full-day-cruise","status":"publish","type":"product","link":"https:\/\/stage022024.vitaminsealtd.com\/fr\/produit\/croisiere-dune-journee-dans-les-iles-du-nord\/","title":{"rendered":"Croisi\u00e8re \u00c0 La Journ\u00e9e Iles Du Nord"},"content":{"rendered":"<p>Pr\u00e9parez-vous \u00e0 vous laisser emporter par la magnificence des \u00eeles o\u00f9 nous vous emm\u00e8nerons. Ces \u00eeles, situ\u00e9es \u00e0 16 km de la terre ferme, sont dot\u00e9es d'une beaut\u00e9 naturelle qui vous laissera bouche b\u00e9e. En explorant ces destinations pittoresques, vous serez surpris par l'abondance de la faune et de la flore. Que vous soyez amateur d'aventure, amoureux de la nature ou simplement \u00e0 la recherche d'une escapade relaxante, ces \u00eeles ont quelque chose \u00e0 offrir \u00e0 chacun.<\/p>\n<p>&nbsp;<\/p>\n<div class=\"flex-1 overflow-hidden\">\n<div class=\"react-scroll-to-bottom--css-jezuc-79elbk h-full dark:bg-gray-800\">\n<div class=\"react-scroll-to-bottom--css-jezuc-1n7m0yu\">\n<div class=\"flex flex-col items-center text-sm dark:bg-gray-800\">\n<div class=\"w-full border-b border-black\/10 dark:border-gray-900\/50 text-gray-800 dark:text-gray-100 group bg-gray-50 dark:bg-[#444654]\">\n<div class=\"text-base gap-4 md:gap-6 m-auto md:max-w-2xl lg:max-w-2xl xl:max-w-3xl p-4 md:py-6 flex lg:px-0\">\n<div class=\"relative flex w-[calc(100%-50px)] flex-col gap-1 md:gap-3 lg:w-[calc(100%-115px)]\">\n<div class=\"flex flex-grow flex-col gap-3\">\n<div class=\"min-h-[20px] flex flex-col items-start gap-4 whitespace-pre-wrap\">\n<div class=\"markdown prose w-full break-words dark:prose-invert light\">\n<p>Nous partons de Grand Baie et arrivons \u00e0 Ilot Gabriel vers 9 h 15, avant les autres bateaux et catamarans. Les clients peuvent profiter de l'\u00eele et de sa plage immacul\u00e9e pendant environ 45 minutes \u00e0 une heure avant que la foule n'arrive. Ensuite, nous nous dirigeons vers l'\u00eele Plate, o\u00f9 nous passons la majeure partie de la journ\u00e9e. \u00c0 l'arriv\u00e9e, des collations et des boissons sont servies aux participants, notamment des g\u00e2teaux au taro et des mini-quiches au poulet et aux champignons.<\/p>\n<p>Les clients sont ensuite libres de se d\u00e9tendre sur l'\u00eele, de se promener le long de la c\u00f4te est ou ouest, ou de faire de la plong\u00e9e avec masque et tuba. \u00c0 midi, nous servons un d\u00e9jeuner barbecue compos\u00e9 de poulet grill\u00e9, de saucisses, de poisson, de salade verte, de salade de p\u00e2tes rotini avec des \u0153ufs durs, de pain au fromage et \u00e0 l'ail, et d'une mini-tarte \u00e0 la banane pour le dessert. Les boissons propos\u00e9es comprennent des cocktails tropicaux, de la bi\u00e8re, du vin, des boissons non alcoolis\u00e9es, des jus de fruits et de l'eau.<\/p>\n<p>&nbsp;<\/p>\n<p>Apr\u00e8s le d\u00e9jeuner, les clients passent g\u00e9n\u00e9ralement deux heures suppl\u00e9mentaires \u00e0 se d\u00e9tendre sur l'\u00eele. Nous quittons l'\u00eele Plate vers 14h15 et retournons \u00e0 Coin de Mire pour une s\u00e9ance de plong\u00e9e avec masque et tuba dans l'apr\u00e8s-midi. Apr\u00e8s 45 minutes, les clients reviennent \u00e0 bord o\u00f9 nous servons un g\u00e2teau au chocolat et des boissons. Vers 15h15, nous retournons \u00e0 Grand Bay Beach House pour y d\u00e9poser les clients, g\u00e9n\u00e9ralement entre 15h30 et 15h45.<\/p>\n<\/div>\n<\/div>\n<\/div>\n<div class=\"flex justify-between\">\n<div class=\"text-gray-400 flex self-end lg:self-center justify-center mt-2 gap-3 md:gap-4 lg:gap-1 lg:absolute lg:top-0 lg:translate-x-full lg:right-0 lg:mt-0 lg:pl-2 visible\"><\/div>\n<\/div>\n<\/div>\n<\/div>\n<\/div>\n<\/div>\n<\/div>\n<\/div>\n<\/div>\n<p>L'heure de d\u00e9part de l'excursion est 8h30, tandis que l'heure de retour se situe entre 15h30 et 15h45.<\/p>\n<p>Le point d'embarquement est le Beach House, Grand Bay.<\/p>\n<p>&nbsp;<\/p>\n<p><strong>La capacit\u00e9 maximale par bateau est de 5 personnes.<\/strong> Vous pouvez r\u00e9server le bateau (le prix reste le m\u00eame pour un maximum de 4 personnes) et sp\u00e9cifier les personnes suppl\u00e9mentaires sur le bateau.<\/p>","protected":false},"excerpt":{"rendered":"<p>Coin de Mire, Ile Plate &amp; Ilot Gabriel vous attendent... Il est temps de s'\u00e9vader vers un paradis tropical - En collaboration avec Vitamin Sea\u2122<\/p>","protected":false},"featured_media":1921,"template":"","meta":[],"product_cat":[17,16],"product_tag":[],"acf":[],"_links":{"self":[{"href":"https:\/\/stage022024.vitaminsealtd.com\/fr\/wp-json\/wp\/v2\/product\/1911"}],"collection":[{"href":"https:\/\/stage022024.vitaminsealtd.com\/fr\/wp-json\/wp\/v2\/product"}],"about":[{"href":"https:\/\/stage022024.vitaminsealtd.com\/fr\/wp-json\/wp\/v2\/types\/product"}],"version-history":[{"count":0,"href":"https:\/\/stage022024.vitaminsealtd.com\/fr\/wp-json\/wp\/v2\/product\/1911\/revisions"}],"wp:featuredmedia":[{"embeddable":true,"href":"https:\/\/stage022024.vitaminsealtd.com\/fr\/wp-json\/wp\/v2\/media\/1921"}],"wp:attachment":[{"href":"https:\/\/stage022024.vitaminsealtd.com\/fr\/wp-json\/wp\/v2\/media?parent=1911"}],"wp:term":[{"taxonomy":"product_cat","embeddable":true,"href":"https:\/\/stage022024.vitaminsealtd.com\/fr\/wp-json\/wp\/v2\/product_cat?post=1911"},{"taxonomy":"product_tag","embeddable":true,"href":"https:\/\/stage022024.vitaminsealtd.com\/fr\/wp-json\/wp\/v2\/product_tag?post=1911"}],"curies":[{"name":"wp","href":"https:\/\/api.w.org\/{rel}","templated":true}]}}