{"id":1932,"date":"2023-03-09T13:40:08","date_gmt":"2023-03-09T13:40:08","guid":{"rendered":"https:\/\/vitaminsealtd-com.stackstaging.com\/?post_type=product&#038;p=1932"},"modified":"2023-11-22T16:56:50","modified_gmt":"2023-11-22T16:56:50","slug":"coin-de-mire-half-day-cruise","status":"publish","type":"product","link":"https:\/\/stage022024.vitaminsealtd.com\/fr\/produit\/coin-de-mire-croisiere-demi-journee\/","title":{"rendered":"Croisi\u00e8re Demi-Journ\u00e9e Au Coin De Mire"},"content":{"rendered":"<p>Le Coin de Mire n'est qu'\u00e0 une travers\u00e9e en bateau...<\/p>\n<p>Embarquez pour une aventure inoubliable dans une zone marine prot\u00e9g\u00e9e, o\u00f9 vous assisterez \u00e0 un spectacle sous-marin \u00e9poustouflant et rencontrerez un large \u00e9ventail d'esp\u00e8ces au cours d'une croisi\u00e8re en bateau priv\u00e9 d'une demi-journ\u00e9e.<\/p>\n<p>Des poissons et coraux color\u00e9s dans l'eau cristalline aux majestueux \"Pailles en Queue\", notre oiseau local, il n'y a pas de p\u00e9nurie de sites incroyables \u00e0 voir \u00e0 Coin De Mire. Outre les paysages et la faune \u00e0 couper le souffle, cette excursion en bateau est aussi l'occasion de se d\u00e9tendre et de se relaxer dans un environnement serein et tranquille.<\/p>\n<div class=\"flex-1 overflow-hidden\">\n<div class=\"react-scroll-to-bottom--css-jezuc-79elbk h-full dark:bg-gray-800\">\n<div class=\"react-scroll-to-bottom--css-jezuc-1n7m0yu\">\n<div class=\"flex flex-col items-center text-sm dark:bg-gray-800\">\n<div class=\"w-full border-b border-black\/10 dark:border-gray-900\/50 text-gray-800 dark:text-gray-100 group bg-gray-50 dark:bg-[#444654]\">\n<div class=\"text-base gap-4 md:gap-6 m-auto md:max-w-2xl lg:max-w-2xl xl:max-w-3xl p-4 md:py-6 flex lg:px-0\">\n<div class=\"relative flex w-[calc(100%-50px)] flex-col gap-1 md:gap-3 lg:w-[calc(100%-115px)]\">\n<div class=\"flex justify-between\">\n<div><\/div>\n<div class=\"text-gray-400 flex self-end lg:self-center justify-center mt-2 gap-3 md:gap-4 lg:gap-1 lg:absolute lg:top-0 lg:translate-x-full lg:right-0 lg:mt-0 lg:pl-2 visible\"><span style=\"color: var(--global--color-primary); font-family: var(--global--font-secondary); font-size: var(--global--font-size-base); background-color: var(--global--color-background);\">L'heure de d\u00e9part de l'excursion est fix\u00e9e \u00e0 9h00, tandis que l'heure de retour est fix\u00e9e \u00e0 12h00.<\/span><\/div>\n<\/div>\n<\/div>\n<\/div>\n<\/div>\n<\/div>\n<\/div>\n<\/div>\n<\/div>\n<p>Le point d'embarquement est le Beach House, Grand Bay.<\/p>\n<p>&nbsp;<\/p>\n<p><strong>La capacit\u00e9 maximale par bateau est de 5 personnes.<\/strong> Vous pouvez r\u00e9server le bateau (le prix reste le m\u00eame pour un maximum de 4 personnes) et sp\u00e9cifier les personnes suppl\u00e9mentaires pour chaque bateau.<\/p>","protected":false},"excerpt":{"rendered":"<p>Un v\u00e9ritable joyau \u00e0 d\u00e9couvrir - En collaboration avec Vitamin Sea\u2122<\/p>","protected":false},"featured_media":2092,"template":"","meta":[],"product_cat":[17,16],"product_tag":[],"acf":[],"_links":{"self":[{"href":"https:\/\/stage022024.vitaminsealtd.com\/fr\/wp-json\/wp\/v2\/product\/1932"}],"collection":[{"href":"https:\/\/stage022024.vitaminsealtd.com\/fr\/wp-json\/wp\/v2\/product"}],"about":[{"href":"https:\/\/stage022024.vitaminsealtd.com\/fr\/wp-json\/wp\/v2\/types\/product"}],"version-history":[{"count":0,"href":"https:\/\/stage022024.vitaminsealtd.com\/fr\/wp-json\/wp\/v2\/product\/1932\/revisions"}],"wp:featuredmedia":[{"embeddable":true,"href":"https:\/\/stage022024.vitaminsealtd.com\/fr\/wp-json\/wp\/v2\/media\/2092"}],"wp:attachment":[{"href":"https:\/\/stage022024.vitaminsealtd.com\/fr\/wp-json\/wp\/v2\/media?parent=1932"}],"wp:term":[{"taxonomy":"product_cat","embeddable":true,"href":"https:\/\/stage022024.vitaminsealtd.com\/fr\/wp-json\/wp\/v2\/product_cat?post=1932"},{"taxonomy":"product_tag","embeddable":true,"href":"https:\/\/stage022024.vitaminsealtd.com\/fr\/wp-json\/wp\/v2\/product_tag?post=1932"}],"curies":[{"name":"wp","href":"https:\/\/api.w.org\/{rel}","templated":true}]}}