{"id":2341,"date":"2023-03-15T09:20:02","date_gmt":"2023-03-15T09:20:02","guid":{"rendered":"https:\/\/vitaminsealtd-com.stackstaging.com\/?post_type=product&#038;p=2341"},"modified":"2023-11-22T16:51:34","modified_gmt":"2023-11-22T16:51:34","slug":"west-coast-catamaran-day-cruise","status":"publish","type":"product","link":"https:\/\/stage022024.vitaminsealtd.com\/fr\/produit\/journee-en-catamaran-sur-la-cote-ouest\/","title":{"rendered":"Journ\u00e9e Catamaran Sur La C\u00f4te Ouest"},"content":{"rendered":"<p>Si vous pr\u00e9f\u00e9rez opter pour une croisi\u00e8re paisible et relaxante plut\u00f4t que pour une promenade en bateau rapide, nous vous proposons une excursion priv\u00e9e en catamaran.<\/p>\n<p>&nbsp;<\/p>\n<p>Explorez les criques et les magnifiques lagons o\u00f9 l'on voit souvent des dauphins et faites de la plong\u00e9e avec masque et tuba dans les eaux cristallines du Morne, un site class\u00e9 au patrimoine mondial de l'UNESCO.<\/p>\n<p>De 09h00 \u00e0 3h30 : Il s'agit d'une excursion de 6,5 heures qui vous fera vivre une aventure m\u00e9morable. Veillez \u00e0 arriver \u00e0 l'heure au point de rendez-vous d\u00e9sign\u00e9 afin de ne manquer aucune des activit\u00e9s.<\/p>\n<p>Votre journ\u00e9e commencera par une excursion d'observation des dauphins. Vous aurez l'occasion d'observer ces mammif\u00e8res enjou\u00e9s dans leur habitat naturel. N'oubliez pas de pr\u00e9parer votre appareil photo pour prendre des clich\u00e9s \u00e9tonnants !<\/p>\n<p>Apr\u00e8s avoir observ\u00e9 les dauphins, vous partirez \u00e0 la d\u00e9couverte du monde sous-marin \u00e0 l'ext\u00e9rieur du r\u00e9cif. Le mat\u00e9riel de plong\u00e9e avec tuba sera fourni, vous n'aurez donc pas \u00e0 vous soucier d'apporter votre propre \u00e9quipement.<\/p>\n<p>Ensuite, vous vous rendrez sur l'\u00eele des B\u00e9nitiers pour une courte visite. Cette petite \u00eele est tr\u00e8s appr\u00e9ci\u00e9e des touristes et des habitants, et vous aurez l'occasion de prendre de superbes photos de ses paysages \u00e9poustouflants.<\/p>\n<p>Apr\u00e8s toutes ces activit\u00e9s, vous aurez certainement ouvert l'app\u00e9tit. Ne vous inqui\u00e9tez pas, un d\u00e9licieux d\u00e9jeuner barbecue vous sera offert... Voir ci-dessous :<\/p>\n<p><strong>Menu barbecue Lobster Extravaganza <\/strong>comprenant du homard, des crevettes, des brochettes de poisson, du poulet, des saucisses, de la salade de chou et du riz au persil. Le dessert est un plateau de fruits tropicaux.<br \/>\nLes boissons disponibles sont la bi\u00e8re, le rhum local, les boissons non alcoolis\u00e9es, les jus de fruits, le vin blanc et le vin ros\u00e9.<\/p>\n<p>Dans l'ensemble, cela semble \u00eatre une belle journ\u00e9e d'aventure et de d\u00e9tente !<\/p>\n<p>&nbsp;<\/p>\n<p><strong>La capacit\u00e9 maximale par bateau est de 14 personnes.<\/strong><\/p>\n<p>Pour plus d'informations concernant les prix et les r\u00e9servations, veuillez nous contacter via le bouton ci-dessous.<\/p>","protected":false},"excerpt":{"rendered":"<p>D\u00e9couvrez la beaut\u00e9 du lagon en naviguant et en d\u00e9gustant un d\u00e9licieux barbecue local \u00e0 bord de votre catamaran priv\u00e9.<\/p>","protected":false},"featured_media":2355,"template":"","meta":[],"product_cat":[38,17],"product_tag":[],"acf":[],"_links":{"self":[{"href":"https:\/\/stage022024.vitaminsealtd.com\/fr\/wp-json\/wp\/v2\/product\/2341"}],"collection":[{"href":"https:\/\/stage022024.vitaminsealtd.com\/fr\/wp-json\/wp\/v2\/product"}],"about":[{"href":"https:\/\/stage022024.vitaminsealtd.com\/fr\/wp-json\/wp\/v2\/types\/product"}],"version-history":[{"count":0,"href":"https:\/\/stage022024.vitaminsealtd.com\/fr\/wp-json\/wp\/v2\/product\/2341\/revisions"}],"wp:featuredmedia":[{"embeddable":true,"href":"https:\/\/stage022024.vitaminsealtd.com\/fr\/wp-json\/wp\/v2\/media\/2355"}],"wp:attachment":[{"href":"https:\/\/stage022024.vitaminsealtd.com\/fr\/wp-json\/wp\/v2\/media?parent=2341"}],"wp:term":[{"taxonomy":"product_cat","embeddable":true,"href":"https:\/\/stage022024.vitaminsealtd.com\/fr\/wp-json\/wp\/v2\/product_cat?post=2341"},{"taxonomy":"product_tag","embeddable":true,"href":"https:\/\/stage022024.vitaminsealtd.com\/fr\/wp-json\/wp\/v2\/product_tag?post=2341"}],"curies":[{"name":"wp","href":"https:\/\/api.w.org\/{rel}","templated":true}]}}