{"id":2367,"date":"2023-03-17T11:12:17","date_gmt":"2023-03-17T11:12:17","guid":{"rendered":"https:\/\/vitaminsealtd-com.stackstaging.com\/?post_type=product&#038;p=2367"},"modified":"2023-11-21T20:13:01","modified_gmt":"2023-11-21T20:13:01","slug":"le-morne-lagoon-tour","status":"publish","type":"product","link":"https:\/\/stage022024.vitaminsealtd.com\/fr\/produit\/le-morne-lagoon-tour\/","title":{"rendered":"Balade Lagon Du Morne"},"content":{"rendered":"<p>Pour ceux qui pr\u00e9f\u00e8rent une approche plus d\u00e9tendue et ne souhaitent pas se lever t\u00f4t, cette croisi\u00e8re est parfaite pour les familles ou les couples qui veulent explorer le lagon.<\/p>\n<p>&nbsp;<\/p>\n<p>Le bateau partira de la marina \u00e0 9h30 et naviguera jusqu'au White Lagoon pour une excursion tranquille. Le premier arr\u00eat sera une s\u00e9ance de plong\u00e9e avec masque et tuba \u00e0 l'\"aquarium naturel\" du Morne, avec la magnifique montagne en arri\u00e8re-plan. Ensuite, le guide vous emm\u00e8nera \u00e0 Crystal Rock pour visiter le c\u00e9l\u00e8bre rocher et prendre quelques photos.<\/p>\n<p>Nous pouvons vous emmener pour une deuxi\u00e8me s\u00e9ance de plong\u00e9e avec masque et tuba derri\u00e8re le r\u00e9cif, o\u00f9 vous pourrez explorer la vie marine sous-marine.<\/p>\n<p>L'excursion dure 2 heures et 30 minutes et comprend une collation et des boissons non alcoolis\u00e9es. Nous fournissons \u00e9galement un \u00e9quipement de plong\u00e9e avec tuba \u00e0 bord pour votre confort.<\/p>\n<p>&nbsp;<\/p>\n<p><strong>La capacit\u00e9 maximale par bateau est de 8 personnes. Vous pouvez r\u00e9server le bateau priv\u00e9 (le prix reste le m\u00eame pour un maximum de 4 personnes) et sp\u00e9cifier les personnes suppl\u00e9mentaires pour chaque bateau.<\/strong><\/p>\n<p>&nbsp;<\/p>\n<p>Pour plus d'informations concernant les prix et les r\u00e9servations, veuillez nous contacter via le bouton ci-dessous.<\/p>","protected":false},"excerpt":{"rendered":"<p>Profitez d'une croisi\u00e8re sur le lagon, visitez le Crystal Rock et faites de la plong\u00e9e avec masque et tuba dans le lagon.<\/p>","protected":false},"featured_media":2757,"template":"","meta":[],"product_cat":[17,16],"product_tag":[],"acf":[],"_links":{"self":[{"href":"https:\/\/stage022024.vitaminsealtd.com\/fr\/wp-json\/wp\/v2\/product\/2367"}],"collection":[{"href":"https:\/\/stage022024.vitaminsealtd.com\/fr\/wp-json\/wp\/v2\/product"}],"about":[{"href":"https:\/\/stage022024.vitaminsealtd.com\/fr\/wp-json\/wp\/v2\/types\/product"}],"version-history":[{"count":0,"href":"https:\/\/stage022024.vitaminsealtd.com\/fr\/wp-json\/wp\/v2\/product\/2367\/revisions"}],"wp:featuredmedia":[{"embeddable":true,"href":"https:\/\/stage022024.vitaminsealtd.com\/fr\/wp-json\/wp\/v2\/media\/2757"}],"wp:attachment":[{"href":"https:\/\/stage022024.vitaminsealtd.com\/fr\/wp-json\/wp\/v2\/media?parent=2367"}],"wp:term":[{"taxonomy":"product_cat","embeddable":true,"href":"https:\/\/stage022024.vitaminsealtd.com\/fr\/wp-json\/wp\/v2\/product_cat?post=2367"},{"taxonomy":"product_tag","embeddable":true,"href":"https:\/\/stage022024.vitaminsealtd.com\/fr\/wp-json\/wp\/v2\/product_tag?post=2367"}],"curies":[{"name":"wp","href":"https:\/\/api.w.org\/{rel}","templated":true}]}}