{"id":3552,"date":"2023-11-21T15:45:38","date_gmt":"2023-11-21T15:45:38","guid":{"rendered":"https:\/\/vitaminsealtd-com.stackstaging.com\/?post_type=product&#038;p=3552"},"modified":"2023-11-21T23:26:50","modified_gmt":"2023-11-21T23:26:50","slug":"luxury-yacht-le-morne-lagoon","status":"publish","type":"product","link":"https:\/\/stage022024.vitaminsealtd.com\/fr\/produit\/luxueux-yacht-le-morne-lagoon\/","title":{"rendered":"Croisi\u00e8re d'une journ\u00e9e sur le lagon du Morne en yacht de luxe"},"content":{"rendered":"<div class=\"\" data-block=\"true\" data-editor=\"2f982\" data-offset-key=\"ri1n-0-0\">\n<div class=\"public-DraftStyleDefault-block public-DraftStyleDefault-ltr\" data-offset-key=\"ri1n-0-0\"><span data-offset-key=\"ri1n-0-0\">Embarquez pour une escapade sereine avec nous. Nous vous invitons \u00e0 laisser derri\u00e8re vous l'agitation et l'effervescence et \u00e0 vous offrir une pause rafra\u00eechissante dans la r\u00e9alit\u00e9. Le luxe du yacht Beneteau de 40 pieds est in\u00e9gal\u00e9 ; chaque cabine est un petit coin de paradis offrant des \u00e9quipements de premier ordre \u00e0 bord.<\/span><\/div>\n<\/div>\n<div class=\"\" data-block=\"true\" data-editor=\"2f982\" data-offset-key=\"afahp-0-0\">\n<div class=\"public-DraftStyleDefault-block public-DraftStyleDefault-ltr\" data-offset-key=\"afahp-0-0\"><span data-offset-key=\"afahp-0-0\">Votre journ\u00e9e tout compris commence \u00e0 10h00 avec un d\u00e9part de la marina de La Balise. Sous le commandement d'un capitaine et d'un skipper exp\u00e9riment\u00e9s, votre yacht mettra le cap sur Crystal Rock ou Le Morne Brabant, en fonction des conditions m\u00e9t\u00e9orologiques. Apr\u00e8s une s\u00e9ance de plong\u00e9e avec masque et tuba dans ce lieu idyllique, votre excursion en bateau de luxe se poursuivra en direction de la baie de Tamarin.<\/span><\/div>\n<\/div>\n<div class=\"\" data-block=\"true\" data-editor=\"2f982\" data-offset-key=\"9bh3m-0-0\">\n<div class=\"public-DraftStyleDefault-block public-DraftStyleDefault-ltr\" data-offset-key=\"9bh3m-0-0\"><span data-offset-key=\"9bh3m-0-0\">Le retour est pr\u00e9vu \u00e0 16h00, offrant une journ\u00e9e compl\u00e8te d'activit\u00e9s marines et nautiques en famille ou entre amis dans un environnement luxueux. Que vous soyez en famille ou entre amis, cette excursion est l'occasion id\u00e9ale de s'amuser et de s'\u00e9merveiller devant la beaut\u00e9 de l'\u00eele Maurice. Immortalisez chaque instant avec votre appareil photo et cr\u00e9ez des souvenirs inoubliables.<\/span><\/div>\n<\/div>\n<div class=\"\" data-block=\"true\" data-editor=\"2f982\" data-offset-key=\"b6kq1-0-0\">\n<div class=\"public-DraftStyleDefault-block public-DraftStyleDefault-ltr\" data-offset-key=\"b6kq1-0-0\"><span data-offset-key=\"b6kq1-0-0\">Ce service haut de gamme vous permet de rendre cette journ\u00e9e maritime encore plus exceptionnelle. Vous pouvez opter pour un menu de homard haut de gamme ou ajouter une touche d'\u00e9l\u00e9gance avec une bouteille de champagne fran\u00e7ais. Vous pouvez \u00e9galement inviter vos amis ou votre famille \u00e0 partager cette exp\u00e9rience luxueuse, riche en souvenirs et en moments de d\u00e9tente.<\/span><\/div>\n<\/div>\n<div class=\"\" data-block=\"true\" data-editor=\"2f982\" data-offset-key=\"1587g-0-0\">\n<div class=\"public-DraftStyleDefault-block public-DraftStyleDefault-ltr\" data-offset-key=\"1587g-0-0\"><span data-offset-key=\"1587g-0-0\">Rien n'est trop somptueux pour nos clients, c'est pourquoi nous proposons des options suppl\u00e9mentaires qui feront de votre journ\u00e9e une exp\u00e9rience inoubliable. Savourez chaque instant dans un cadre qui refl\u00e8te la beaut\u00e9 naturelle et le luxe raffin\u00e9 de l'\u00eele Maurice.<\/span><\/div>\n<\/div>\n<div class=\"\" data-block=\"true\" data-editor=\"2f982\" data-offset-key=\"1g9op-0-0\">\n<div class=\"public-DraftStyleDefault-block public-DraftStyleDefault-ltr\" data-offset-key=\"1g9op-0-0\"><span data-offset-key=\"1g9op-0-0\">Pour cette journ\u00e9e d'excursion en bateau priv\u00e9, tout est compris. Le prix comprend un repas sensationnel, ainsi que l'utilisation de tout l'\u00e9quipement de plong\u00e9e, des masques et des tubas. Vous pouvez \u00e9galement profiter d'une pause pour nager, entour\u00e9 par la riche vie marine de l'oc\u00e9an Indien.<\/span><\/div>\n<\/div>\n<div class=\"\" data-block=\"true\" data-editor=\"2f982\" data-offset-key=\"3tqjk-0-0\">\n<div class=\"public-DraftStyleDefault-block public-DraftStyleDefault-ltr\" data-offset-key=\"3tqjk-0-0\"><span data-offset-key=\"3tqjk-0-0\">\u00a0<\/span><\/div>\n<\/div>\n<div class=\"\" data-block=\"true\" data-editor=\"2f982\" data-offset-key=\"7t56c-0-0\">\n<div class=\"public-DraftStyleDefault-block public-DraftStyleDefault-ltr\" data-offset-key=\"7t56c-0-0\"><span data-offset-key=\"7t56c-0-0\">L'occupation maximale \u00e0 bord est limit\u00e9e \u00e0 8 personnes.<\/span><\/div>\n<\/div>\n<div class=\"\" data-block=\"true\" data-editor=\"2f982\" data-offset-key=\"9q18l-0-0\">\n<div class=\"public-DraftStyleDefault-block public-DraftStyleDefault-ltr\" data-offset-key=\"9q18l-0-0\"><span data-offset-key=\"9q18l-0-0\">L'heure de d\u00e9part de l'excursion est 10h00 et l'heure de retour est 16h00.<\/span><\/div>\n<\/div>\n<div class=\"\" data-block=\"true\" data-editor=\"2f982\" data-offset-key=\"b19ic-0-0\">\n<div class=\"public-DraftStyleDefault-block public-DraftStyleDefault-ltr\" data-offset-key=\"b19ic-0-0\"><span data-offset-key=\"b19ic-0-0\">Le point d'embarquement est le Vitamin Sea Office, L'Estuaire, Black River.<\/span><\/div>\n<\/div>\n<div class=\"\" data-block=\"true\" data-editor=\"2f982\" data-offset-key=\"bav4n-0-0\">\n<div class=\"public-DraftStyleDefault-block public-DraftStyleDefault-ltr\" data-offset-key=\"bav4n-0-0\"><span data-offset-key=\"bav4n-0-0\">Veuillez noter que cette excursion n'est pas organis\u00e9e par Vitamin Sea Ltd. Cependant, nous s\u00e9lectionnons m\u00e9ticuleusement nos partenaires et recommandons vivement leurs excursions, les utilisant nous-m\u00eames.<\/span><\/div>\n<\/div>\n<div class=\"\" data-block=\"true\" data-editor=\"2f982\" data-offset-key=\"6hhf2-0-0\">\n<div class=\"public-DraftStyleDefault-block public-DraftStyleDefault-ltr\" data-offset-key=\"6hhf2-0-0\"><span data-offset-key=\"6hhf2-0-0\">\u00a0<\/span><\/div>\n<\/div>\n<div class=\"\" data-block=\"true\" data-editor=\"2f982\" data-offset-key=\"6v6of-0-0\">\n<div class=\"public-DraftStyleDefault-block public-DraftStyleDefault-ltr\" data-offset-key=\"6v6of-0-0\"><span data-offset-key=\"6v6of-0-0\">N.B : Notre plateforme en ligne facture des frais de service de 8%, payables sur les tarifs de l'excursion et des suppl\u00e9ments, qui seront directement transmis \u00e0 la plateforme du fournisseur de services. En utilisant notre plateforme de r\u00e9servation en ligne, vous acceptez de payer ces frais de service en plus du tarif de l'excursion. Les frais de service sont NON REMBOURSABLES au client car ils sont retenus directement par la plateforme de r\u00e9servation externe.<\/span><\/div>\n<\/div>","protected":false},"excerpt":{"rendered":"<p>Explorez la c\u00f4te ouest de l'\u00eele et ses plus beaux sites \u00e0 bord d'un yacht de luxe - En collaboration avec Vitamin Sea\u2122.<\/p>","protected":false},"featured_media":3729,"template":"","meta":[],"product_cat":[17,66],"product_tag":[],"acf":[],"_links":{"self":[{"href":"https:\/\/stage022024.vitaminsealtd.com\/fr\/wp-json\/wp\/v2\/product\/3552"}],"collection":[{"href":"https:\/\/stage022024.vitaminsealtd.com\/fr\/wp-json\/wp\/v2\/product"}],"about":[{"href":"https:\/\/stage022024.vitaminsealtd.com\/fr\/wp-json\/wp\/v2\/types\/product"}],"version-history":[{"count":0,"href":"https:\/\/stage022024.vitaminsealtd.com\/fr\/wp-json\/wp\/v2\/product\/3552\/revisions"}],"wp:featuredmedia":[{"embeddable":true,"href":"https:\/\/stage022024.vitaminsealtd.com\/fr\/wp-json\/wp\/v2\/media\/3729"}],"wp:attachment":[{"href":"https:\/\/stage022024.vitaminsealtd.com\/fr\/wp-json\/wp\/v2\/media?parent=3552"}],"wp:term":[{"taxonomy":"product_cat","embeddable":true,"href":"https:\/\/stage022024.vitaminsealtd.com\/fr\/wp-json\/wp\/v2\/product_cat?post=3552"},{"taxonomy":"product_tag","embeddable":true,"href":"https:\/\/stage022024.vitaminsealtd.com\/fr\/wp-json\/wp\/v2\/product_tag?post=3552"}],"curies":[{"name":"wp","href":"https:\/\/api.w.org\/{rel}","templated":true}]}}