{"id":3557,"date":"2023-11-21T16:04:56","date_gmt":"2023-11-21T16:04:56","guid":{"rendered":"https:\/\/vitaminsealtd-com.stackstaging.com\/?post_type=product&#038;p=3557"},"modified":"2023-11-28T18:33:21","modified_gmt":"2023-11-28T14:33:21","slug":"luxury-yacht-sunset-cruise","status":"publish","type":"product","link":"https:\/\/stage022024.vitaminsealtd.com\/fr\/produit\/yacht-de-luxe-croisiere-au-coucher-du-soleil\/","title":{"rendered":"Croisi\u00e8re au coucher du soleil sur un yacht de luxe"},"content":{"rendered":"<div class=\"\" data-block=\"true\" data-editor=\"2f982\" data-offset-key=\"ri1n-0-0\">\n<div class=\"public-DraftStyleDefault-block public-DraftStyleDefault-ltr\" data-offset-key=\"ri1n-0-0\">\n<div class=\"\" data-block=\"true\" data-editor=\"dt58o\" data-offset-key=\"amdso-0-0\">\n<div class=\"public-DraftStyleDefault-block public-DraftStyleDefault-ltr\" data-offset-key=\"amdso-0-0\">\n<div class=\"\" data-block=\"true\" data-editor=\"e8um6\" data-offset-key=\"bd210-0-0\">\n<div class=\"public-DraftStyleDefault-block public-DraftStyleDefault-ltr\" data-offset-key=\"bd210-0-0\"><span data-offset-key=\"bd210-0-0\">Embarquez pour une escapade sereine \u00e0 l'heure dor\u00e9e avec nous. Laissez l'agitation derri\u00e8re vous et offrez-vous une pause rafra\u00eechissante \u00e0 bord de notre luxueux yacht Beneteau de 40 pieds. Le navire offre un luxe in\u00e9gal\u00e9 ; chaque cabine et espace \u00e0 bord est un coin de paradis, offrant des \u00e9quipements de premier ordre.<\/span><\/div>\n<\/div>\n<div class=\"\" data-block=\"true\" data-editor=\"e8um6\" data-offset-key=\"8c5fn-0-0\">\n<div class=\"public-DraftStyleDefault-block public-DraftStyleDefault-ltr\" data-offset-key=\"8c5fn-0-0\"><span data-offset-key=\"8c5fn-0-0\">\u00a0<\/span><\/div>\n<\/div>\n<div class=\"\" data-block=\"true\" data-editor=\"e8um6\" data-offset-key=\"fvvjt-0-0\">\n<div class=\"public-DraftStyleDefault-block public-DraftStyleDefault-ltr\" data-offset-key=\"fvvjt-0-0\"><span data-offset-key=\"fvvjt-0-0\">D\u00e9part de la marina de La Balise \u00e0 16h30, en direction de la mythique baie de Tamarin (selon les conditions m\u00e9t\u00e9orologiques). Profitez d'une excellente collation et des boissons servies \u00e0 bord, tout en admirant le magnifique coucher de soleil pendant la travers\u00e9e. Le retour est pr\u00e9vu \u00e0 18h30, concluant une soir\u00e9e m\u00e9morable sur l'eau.<\/span><\/div>\n<\/div>\n<div class=\"\" data-block=\"true\" data-editor=\"e8um6\" data-offset-key=\"3u4sg-0-0\">\n<div class=\"public-DraftStyleDefault-block public-DraftStyleDefault-ltr\" data-offset-key=\"3u4sg-0-0\"><span data-offset-key=\"3u4sg-0-0\">\u00a0<\/span><\/div>\n<\/div>\n<div class=\"\" data-block=\"true\" data-editor=\"e8um6\" data-offset-key=\"50rth-0-0\">\n<div class=\"public-DraftStyleDefault-block public-DraftStyleDefault-ltr\" data-offset-key=\"50rth-0-0\"><span data-offset-key=\"50rth-0-0\">Chaque d\u00e9tail du yacht est m\u00e9ticuleusement con\u00e7u pour am\u00e9liorer votre confort et votre bien-\u00eatre, promettant une exp\u00e9rience inoubliable qui marquera votre s\u00e9jour \u00e0 l'\u00eele Maurice.<\/span><\/div>\n<\/div>\n<div class=\"\" data-block=\"true\" data-editor=\"e8um6\" data-offset-key=\"fgvpr-0-0\">\n<div class=\"public-DraftStyleDefault-block public-DraftStyleDefault-ltr\" data-offset-key=\"fgvpr-0-0\"><span data-offset-key=\"fgvpr-0-0\">\u00a0<\/span><\/div>\n<\/div>\n<div class=\"\" data-block=\"true\" data-editor=\"e8um6\" data-offset-key=\"9jvh6-0-0\">\n<div class=\"public-DraftStyleDefault-block public-DraftStyleDefault-ltr\" data-offset-key=\"9jvh6-0-0\"><span data-offset-key=\"9jvh6-0-0\">L'occupation maximale \u00e0 bord est limit\u00e9e \u00e0 8 personnes.<\/span><\/div>\n<\/div>\n<div class=\"\" data-block=\"true\" data-editor=\"e8um6\" data-offset-key=\"qncm-0-0\">\n<div class=\"public-DraftStyleDefault-block public-DraftStyleDefault-ltr\" data-offset-key=\"qncm-0-0\"><span data-offset-key=\"qncm-0-0\">L'heure de d\u00e9part de l'excursion est 4h30, et l'heure de retour est 6h30.<\/span><\/div>\n<\/div>\n<div class=\"\" data-block=\"true\" data-editor=\"e8um6\" data-offset-key=\"17th-0-0\">\n<div class=\"public-DraftStyleDefault-block public-DraftStyleDefault-ltr\" data-offset-key=\"17th-0-0\"><span data-offset-key=\"17th-0-0\">Le point d'embarquement est le Vitamin Sea Office, L'Estuaire, Black River.<\/span><\/div>\n<\/div>\n<div class=\"\" data-block=\"true\" data-editor=\"e8um6\" data-offset-key=\"d1s53-0-0\">\n<div class=\"public-DraftStyleDefault-block public-DraftStyleDefault-ltr\" data-offset-key=\"d1s53-0-0\"><span data-offset-key=\"d1s53-0-0\">Veuillez noter que cette excursion n'est pas organis\u00e9e par Vitamin Sea Ltd. Cependant, nous s\u00e9lectionnons m\u00e9ticuleusement nos partenaires et recommandons vivement leurs excursions, les utilisant nous-m\u00eames.<\/span><\/div>\n<\/div>\n<div class=\"\" data-block=\"true\" data-editor=\"e8um6\" data-offset-key=\"2b2u3-0-0\">\n<div class=\"public-DraftStyleDefault-block public-DraftStyleDefault-ltr\" data-offset-key=\"2b2u3-0-0\"><span data-offset-key=\"2b2u3-0-0\">\u00a0<\/span><\/div>\n<\/div>\n<div class=\"\" data-block=\"true\" data-editor=\"e8um6\" data-offset-key=\"fiuv0-0-0\">\n<div class=\"public-DraftStyleDefault-block public-DraftStyleDefault-ltr\" data-offset-key=\"fiuv0-0-0\"><span data-offset-key=\"fiuv0-0-0\">N.B : Notre plateforme en ligne facture des frais de service de 8%, payables sur les tarifs de l'excursion et des suppl\u00e9ments, qui seront directement transmis \u00e0 la plateforme du fournisseur de services. En utilisant notre plateforme de r\u00e9servation en ligne, vous acceptez de payer ces frais de service en plus du tarif de l'excursion. Les frais de service sont NON REMBOURSABLES au client car ils sont retenus directement par la plateforme de r\u00e9servation externe.<\/span><\/div>\n<\/div>\n<\/div>\n<\/div>\n<\/div>\n<\/div>","protected":false},"excerpt":{"rendered":"<p>Profitez de chaque instant avec votre bien-aim\u00e9(e) pour assister \u00e0 un coucher de soleil \u00e9poustouflant sur la c\u00f4te ouest...<\/p>","protected":false},"featured_media":3727,"template":"","meta":[],"product_cat":[17,66,37],"product_tag":[],"acf":[],"_links":{"self":[{"href":"https:\/\/stage022024.vitaminsealtd.com\/fr\/wp-json\/wp\/v2\/product\/3557"}],"collection":[{"href":"https:\/\/stage022024.vitaminsealtd.com\/fr\/wp-json\/wp\/v2\/product"}],"about":[{"href":"https:\/\/stage022024.vitaminsealtd.com\/fr\/wp-json\/wp\/v2\/types\/product"}],"version-history":[{"count":0,"href":"https:\/\/stage022024.vitaminsealtd.com\/fr\/wp-json\/wp\/v2\/product\/3557\/revisions"}],"wp:featuredmedia":[{"embeddable":true,"href":"https:\/\/stage022024.vitaminsealtd.com\/fr\/wp-json\/wp\/v2\/media\/3727"}],"wp:attachment":[{"href":"https:\/\/stage022024.vitaminsealtd.com\/fr\/wp-json\/wp\/v2\/media?parent=3557"}],"wp:term":[{"taxonomy":"product_cat","embeddable":true,"href":"https:\/\/stage022024.vitaminsealtd.com\/fr\/wp-json\/wp\/v2\/product_cat?post=3557"},{"taxonomy":"product_tag","embeddable":true,"href":"https:\/\/stage022024.vitaminsealtd.com\/fr\/wp-json\/wp\/v2\/product_tag?post=3557"}],"curies":[{"name":"wp","href":"https:\/\/api.w.org\/{rel}","templated":true}]}}