{"id":733,"date":"2021-12-11T20:41:43","date_gmt":"2021-12-11T20:41:43","guid":{"rendered":"https:\/\/vitaminsealtd-com.stackstaging.com\/?post_type=product&#038;p=733"},"modified":"2023-11-21T20:11:28","modified_gmt":"2023-11-21T20:11:28","slug":"private-full-day-speed-boat-excursion-on-benitiers-island","status":"publish","type":"product","link":"https:\/\/stage022024.vitaminsealtd.com\/fr\/produit\/excursion-privee-dune-journee-entiere-en-bateau-rapide-sur-lile-de-benitiers\/","title":{"rendered":"Excursion D\u00e9couverte Du Morne \u00c0 La Journ\u00e9e"},"content":{"rendered":"<p>Rejoignez-nous pour une excursion en bateau priv\u00e9 et d\u00e9couvrez les sites les plus embl\u00e9matiques de la c\u00f4te ouest, y compris un d\u00e9licieux barbecue local sur la plage !<\/p>\n<p>Chaque matin, sur la c\u00f4te ouest de l'\u00eele Maurice, nous rencontrons des dauphins sauvages qui s'approchent de la c\u00f4te pour socialiser, se d\u00e9tendre et jouer. L'\u00eele abrite deux esp\u00e8ces de dauphins : les grands dauphins et les petits dauphins. Nous voyons g\u00e9n\u00e9ralement l'un ou l'autre, sauf si vous avez beaucoup de chance et que vous rencontrez les deux esp\u00e8ces, ce qui arrive parfois !<\/p>\n<p>&nbsp;<\/p>\n<p>Votre d\u00e9jeuner priv\u00e9 sur l'\u00eele des B\u00e9nitiers, loin des foules, offre une vue imprenable sur la montagne du Morne. L'\u00e9quipage pr\u00e9parera un barbecue mauricien fait maison comprenant : pain \u00e0 l'ail, poisson frais marin\u00e9 au citron, brochettes de crevettes, poulet grill\u00e9 au miel et salade. Si vous le souhaitez, vous pouvez \u00e9galement ajouter des langoustes fra\u00eeches \u00e0 votre repas. Une option v\u00e9g\u00e9tarienne est \u00e9galement disponible sur demande.<\/p>\n<p>En outre, une vari\u00e9t\u00e9 de boissons sera disponible, notamment des boissons non alcoolis\u00e9es, des bi\u00e8res, du ti punch local et du vin blanc ou ros\u00e9. Apr\u00e8s votre d\u00e9licieux d\u00e9jeuner mauricien, profitez d'un moment de d\u00e9tente sur la plage tout en savourant les populaires bananes grill\u00e9es flamb\u00e9es. \u00c0 la fin de cette journ\u00e9e exceptionnelle, nous vous garantissons que vous aurez acquis une nouvelle aisance en cr\u00e9ole \ud83d\ude09<\/p>\n<p>&nbsp;<\/p>\n<p>Pour votre confort, tout le mat\u00e9riel de plong\u00e9e avec tuba sera fourni \u00e0 bord, et du pain aux bananes fait maison sera servi le matin.<\/p>\n<p>&nbsp;<\/p>\n<p>\u279e Veuillez noter que le nombre de dauphins sur le site et le comportement des animaux changent au jour le jour. Nous ne contr\u00f4lons pas ces deux \u00e9l\u00e9ments car ils sont sauvages et ne peuvent pas pr\u00e9voir les rencontres \u00e0 l'avance. Notre \u00e9quipe s'adapte et met tout en \u0153uvre pour offrir une interaction m\u00e9morable.<\/p>\n<p>&nbsp;<\/p>\n<p>Ajoutez vos photos et vid\u00e9os sous-marines personnelles avec les dauphins, prises par nos guides photographes \u00e0 l'aide des derni\u00e8res cam\u00e9ras GoPro. Veuillez noter que le r\u00e9sultat final des photos et des vid\u00e9os d\u00e9pendra de l'interaction avec le dauphin, de vos comp\u00e9tences en natation et de l'\u00e9tat g\u00e9n\u00e9ral de la mer. Une fois examin\u00e9s et approuv\u00e9s, tous les fichiers vous seront remis sur une carte SD \u00e0 la fin du voyage ou envoy\u00e9s par WeTransfer.<\/p>\n<p>&nbsp;<\/p>\n<p><strong>La capacit\u00e9 maximale par bateau est de 8 personnes.<\/strong> Vous pouvez r\u00e9server le bateau (le prix reste le m\u00eame pour un maximum de 4 personnes) et sp\u00e9cifier les personnes suppl\u00e9mentaires pour chaque bateau.<\/p>","protected":false},"excerpt":{"rendered":"<div class=\"TourPage-About-tagline tour-section-title\">Nage avec les dauphins, plong\u00e9e en apn\u00e9e, visite du Rocher de Cristal et d\u00e9jeuner barbecue sur l'\u00eele des B\u00e9nitiers.<\/div>","protected":false},"featured_media":2789,"template":"","meta":[],"product_cat":[17,16],"product_tag":[],"acf":[],"_links":{"self":[{"href":"https:\/\/stage022024.vitaminsealtd.com\/fr\/wp-json\/wp\/v2\/product\/733"}],"collection":[{"href":"https:\/\/stage022024.vitaminsealtd.com\/fr\/wp-json\/wp\/v2\/product"}],"about":[{"href":"https:\/\/stage022024.vitaminsealtd.com\/fr\/wp-json\/wp\/v2\/types\/product"}],"version-history":[{"count":0,"href":"https:\/\/stage022024.vitaminsealtd.com\/fr\/wp-json\/wp\/v2\/product\/733\/revisions"}],"wp:featuredmedia":[{"embeddable":true,"href":"https:\/\/stage022024.vitaminsealtd.com\/fr\/wp-json\/wp\/v2\/media\/2789"}],"wp:attachment":[{"href":"https:\/\/stage022024.vitaminsealtd.com\/fr\/wp-json\/wp\/v2\/media?parent=733"}],"wp:term":[{"taxonomy":"product_cat","embeddable":true,"href":"https:\/\/stage022024.vitaminsealtd.com\/fr\/wp-json\/wp\/v2\/product_cat?post=733"},{"taxonomy":"product_tag","embeddable":true,"href":"https:\/\/stage022024.vitaminsealtd.com\/fr\/wp-json\/wp\/v2\/product_tag?post=733"}],"curies":[{"name":"wp","href":"https:\/\/api.w.org\/{rel}","templated":true}]}}