{"id":958,"date":"2021-12-12T02:09:20","date_gmt":"2021-12-12T02:09:20","guid":{"rendered":"https:\/\/vitaminsealtd-com.stackstaging.com\/?post_type=product&#038;p=958"},"modified":"2023-11-22T16:58:41","modified_gmt":"2023-11-22T16:58:41","slug":"exclusive-speedboat-sunset-cruise","status":"publish","type":"product","link":"https:\/\/stage022024.vitaminsealtd.com\/fr\/produit\/exclusive-speedboat-sunset-cruise\/","title":{"rendered":"Croisi\u00e8re au coucher du soleil sur le lagon"},"content":{"rendered":"<p>La c\u00f4te ouest \u00e9tant le meilleur endroit de l'\u00eele Maurice pour admirer le coucher de soleil depuis la mer, cette excursion est certainement un \"must\" pour les habitants et les touristes.<\/p>\n<p>Nous vous emm\u00e8nerons au Morne pour une excellente s\u00e9ance de plong\u00e9e avec masque et tuba si vous avez envie d'explorer les eaux tropicales chaudes. Nous vous servirons notre fameux Ti Punch local, des bi\u00e8res et des boissons non alcoolis\u00e9es \u00e0 bord.<\/p>\n<p>Alors que le soleil se couche paisiblement dans le lagon, nous retournerons lentement \u00e0 Black River avec un arr\u00eat pour porter un toast et prendre des photos au c\u00e9l\u00e8bre Crystal Rock...<\/p>\n<p>&nbsp;<\/p>\n<p><strong>La capacit\u00e9 maximale par bateau est de 8 personnes.<\/strong> Vous pouvez r\u00e9server le bateau (le prix reste le m\u00eame pour un maximum de 4 personnes) et sp\u00e9cifier les personnes suppl\u00e9mentaires pour chaque bateau.<\/p>","protected":false},"excerpt":{"rendered":"<p>La c\u00f4te ouest est le plus bel endroit \u00e0 Maurice pour observer ce moment unique o\u00f9 le ciel devient feu et or, dans un lagon paisible.<\/p>","protected":false},"featured_media":2684,"template":"","meta":[],"product_cat":[17,16,37],"product_tag":[],"acf":[],"_links":{"self":[{"href":"https:\/\/stage022024.vitaminsealtd.com\/fr\/wp-json\/wp\/v2\/product\/958"}],"collection":[{"href":"https:\/\/stage022024.vitaminsealtd.com\/fr\/wp-json\/wp\/v2\/product"}],"about":[{"href":"https:\/\/stage022024.vitaminsealtd.com\/fr\/wp-json\/wp\/v2\/types\/product"}],"version-history":[{"count":0,"href":"https:\/\/stage022024.vitaminsealtd.com\/fr\/wp-json\/wp\/v2\/product\/958\/revisions"}],"wp:featuredmedia":[{"embeddable":true,"href":"https:\/\/stage022024.vitaminsealtd.com\/fr\/wp-json\/wp\/v2\/media\/2684"}],"wp:attachment":[{"href":"https:\/\/stage022024.vitaminsealtd.com\/fr\/wp-json\/wp\/v2\/media?parent=958"}],"wp:term":[{"taxonomy":"product_cat","embeddable":true,"href":"https:\/\/stage022024.vitaminsealtd.com\/fr\/wp-json\/wp\/v2\/product_cat?post=958"},{"taxonomy":"product_tag","embeddable":true,"href":"https:\/\/stage022024.vitaminsealtd.com\/fr\/wp-json\/wp\/v2\/product_tag?post=958"}],"curies":[{"name":"wp","href":"https:\/\/api.w.org\/{rel}","templated":true}]}}